{"id":5622,"date":"2023-06-15T08:52:29","date_gmt":"2023-06-15T06:52:29","guid":{"rendered":"https:\/\/almer.sk\/integrovane-produkty\/"},"modified":"2023-09-06T11:27:00","modified_gmt":"2023-09-06T09:27:00","slug":"integrovane-produkty","status":"publish","type":"page","link":"https:\/\/almer.sk\/cs\/integrovane-produkty\/","title":{"rendered":"Integrovan\u00e9 produkty"},"content":{"rendered":"<p>[et_pb_section fb_built=&#8220;1&#8243; _builder_version=&#8220;4.21.0&#8243; _module_preset=&#8220;default&#8220; custom_padding=&#8220;||23px|||&#8220; global_colors_info=&#8220;{}&#8220;][et_pb_row _builder_version=&#8220;4.21.0&#8243; _module_preset=&#8220;default&#8220; global_colors_info=&#8220;{}&#8220;][et_pb_column type=&#8220;4_4&#8243; _builder_version=&#8220;4.21.0&#8243; _module_preset=&#8220;default&#8220; global_colors_info=&#8220;{}&#8220;][et_pb_blurb content_max_width=&#8220;1100px&#8220; _builder_version=&#8220;4.21.0&#8243; _module_preset=&#8220;default&#8220; body_text_align=&#8220;left&#8220; locked=&#8220;off&#8220; global_colors_info=&#8220;{}&#8220;]<\/p>\n<p><a class=\"bread\" href=\"https:\/\/almer.sk\/cs\/\">&gt; Domov<\/a> \/ Integrovan\u00e9 produkty<\/p>\n<p>[\/et_pb_blurb][\/et_pb_column][\/et_pb_row][et_pb_row _builder_version=&#8220;4.21.0&#8243; _module_preset=&#8220;default&#8220; custom_padding=&#8220;||0px|||&#8220; locked=&#8220;off&#8220; global_colors_info=&#8220;{}&#8220;][et_pb_column type=&#8220;4_4&#8243; _builder_version=&#8220;4.21.0&#8243; _module_preset=&#8220;default&#8220; global_colors_info=&#8220;{}&#8220;][et_pb_blurb content_max_width=&#8220;1100px&#8220; _builder_version=&#8220;4.21.0&#8243; _module_preset=&#8220;default&#8220; header_level=&#8220;h1&#8243; header_font=&#8220;|||on|||||&#8220; body_font=&#8220;|||on|||||&#8220; body_text_align=&#8220;center&#8220; body_line_height=&#8220;1.6em&#8220; locked=&#8220;off&#8220; global_colors_info=&#8220;{}&#8220;]<\/p>\n<h1><span class=\"cierna\">Integrovan\u00e9<\/span> produkty<\/h1>\n<p>[\/et_pb_blurb][\/et_pb_column][\/et_pb_row][et_pb_row column_structure=&#8220;1_3,1_3,1_3&#8243; _builder_version=&#8220;4.21.0&#8243; _module_preset=&#8220;default&#8220; max_width=&#8220;1588px&#8220; global_colors_info=&#8220;{}&#8220;][et_pb_column type=&#8220;1_3&#8243; _builder_version=&#8220;4.21.0&#8243; _module_preset=&#8220;default&#8220; global_colors_info=&#8220;{}&#8220;][et_pb_blurb title=&#8220;Adaptivn\u00ed n\u00e1stroje pro robotick\u00e9 brou\u0161en\u00ed a le\u0161t\u011bn\u00ed&#8220; url=&#8220;https:\/\/almer.sk\/cs\/integrovane-produkty\/adaptivni-nastroje-pro-brouseni-a-lesteni\/&#8220; image=&#8220;https:\/\/almer.sk\/wp-content\/uploads\/2023\/07\/Adaptive-Grinding-Tool-scaled.jpg&#8220; alt=&#8220;Adaptivn\u00ed n\u00e1stroje pro robotick\u00e9 brou\u0161en\u00ed a le\u0161t\u011bn\u00ed&#8220; _builder_version=&#8220;4.21.0&#8243; _module_preset=&#8220;default&#8220; header_text_align=&#8220;center&#8220; header_text_color=&#8220;#FF0000&#8243; animation=&#8220;off&#8220; link_option_url=&#8220;https:\/\/almer.sk\/cs\/integrovane-produkty\/adaptivni-nastroje-pro-brouseni-a-lesteni\/&#8220; global_colors_info=&#8220;{}&#8220;][\/et_pb_blurb][\/et_pb_column][et_pb_column type=&#8220;1_3&#8243; _builder_version=&#8220;4.21.0&#8243; _module_preset=&#8220;default&#8220; global_colors_info=&#8220;{}&#8220;][et_pb_blurb title=&#8220;5os\u00fd rot\u00e1tor pro vodn\u00ed paprsek &#8211; AC&#8220; url=&#8220;https:\/\/almer.sk\/cs\/integrovane-produkty\/5osy-rotacni-zarizeni-pro-vodni-paprsek\/&#8220; image=&#8220;https:\/\/almer.sk\/wp-content\/uploads\/2023\/07\/5-osovy-vodnolucovy-rotator-AC.png&#8220; alt=&#8220;5os\u00fd rot\u00e1tor pro vodn\u00ed paprsek &#8211; AC&#8220; image_icon_width=&#8220;65%&#8220; _builder_version=&#8220;4.21.0&#8243; _module_preset=&#8220;default&#8220; header_text_align=&#8220;center&#8220; header_text_color=&#8220;#FF0000&#8243; animation=&#8220;off&#8220; link_option_url=&#8220;https:\/\/almer.sk\/cs\/integrovane-produkty\/5osy-rotacni-zarizeni-pro-vodni-paprsek\/&#8220; global_colors_info=&#8220;{}&#8220;][\/et_pb_blurb][\/et_pb_column][et_pb_column type=&#8220;1_3&#8243; _builder_version=&#8220;4.21.0&#8243; _module_preset=&#8220;default&#8220; global_colors_info=&#8220;{}&#8220;][et_pb_blurb title=&#8220;Dut\u00e1 rota\u010dn\u00ed plo\u0161ina&#8220; url=&#8220;https:\/\/almer.sk\/cs\/integrovane-produkty\/duta-rotacni-plosina\/&#8220; image=&#8220;https:\/\/almer.sk\/wp-content\/uploads\/2023\/07\/Hollow-duta-Rotacna.png&#8220; alt=&#8220;Dut\u00fd rota\u010dn\u00ed&#8220; image_icon_width=&#8220;65%&#8220; _builder_version=&#8220;4.22.1&#8243; _module_preset=&#8220;default&#8220; header_text_align=&#8220;center&#8220; header_text_color=&#8220;#FF0000&#8243; animation=&#8220;off&#8220; link_option_url=&#8220;https:\/\/almer.sk\/cs\/integrovane-produkty\/duta-rotacni-plosina\/&#8220; hover_enabled=&#8220;0&#8243; global_colors_info=&#8220;{}&#8220; sticky_enabled=&#8220;0&#8243;][\/et_pb_blurb][\/et_pb_column][\/et_pb_row][\/et_pb_section]<\/p>\n","protected":false},"excerpt":{"rendered":"<p>&gt; Domov \/ Integrovan\u00e9 produktyIntegrovan\u00e9 produkty<\/p>\n","protected":false},"author":1,"featured_media":0,"parent":0,"menu_order":0,"comment_status":"closed","ping_status":"closed","template":"","meta":{"_et_pb_use_builder":"on","_et_pb_old_content":"","_et_gb_content_width":"","footnotes":""},"class_list":["post-5622","page","type-page","status-publish","hentry"],"yoast_head":"<!-- This site is optimized with the Yoast SEO plugin v26.6 - https:\/\/yoast.com\/wordpress\/plugins\/seo\/ -->\n<title>Integrovan\u00e9 produkty - Almer.sk<\/title>\n<meta name=\"robots\" content=\"index, follow, max-snippet:-1, max-image-preview:large, max-video-preview:-1\" \/>\n<link rel=\"canonical\" href=\"https:\/\/almer.sk\/cs\/integrovane-produkty\/\" \/>\n<meta property=\"og:locale\" content=\"cs_CZ\" \/>\n<meta property=\"og:type\" content=\"article\" \/>\n<meta property=\"og:title\" content=\"Integrovan\u00e9 produkty - Almer.sk\" \/>\n<meta property=\"og:description\" content=\"&gt; Domov \/ Integrovan\u00e9 produktyIntegrovan\u00e9 produkty\" \/>\n<meta property=\"og:url\" content=\"https:\/\/almer.sk\/cs\/integrovane-produkty\/\" \/>\n<meta property=\"og:site_name\" content=\"Almer.sk\" \/>\n<meta property=\"article:modified_time\" content=\"2023-09-06T09:27:00+00:00\" \/>\n<meta name=\"twitter:card\" content=\"summary_large_image\" \/>\n<meta name=\"twitter:label1\" content=\"Odhadovan\u00e1 doba \u010dten\u00ed\" \/>\n\t<meta name=\"twitter:data1\" content=\"2 minuty\" \/>\n<script type=\"application\/ld+json\" class=\"yoast-schema-graph\">{\"@context\":\"https:\/\/schema.org\",\"@graph\":[{\"@type\":\"WebPage\",\"@id\":\"https:\/\/almer.sk\/cs\/integrovane-produkty\/\",\"url\":\"https:\/\/almer.sk\/cs\/integrovane-produkty\/\",\"name\":\"Integrovan\u00e9 produkty - Almer.sk\",\"isPartOf\":{\"@id\":\"https:\/\/almer.sk\/cs\/#website\"},\"datePublished\":\"2023-06-15T06:52:29+00:00\",\"dateModified\":\"2023-09-06T09:27:00+00:00\",\"breadcrumb\":{\"@id\":\"https:\/\/almer.sk\/cs\/integrovane-produkty\/#breadcrumb\"},\"inLanguage\":\"cs\",\"potentialAction\":[{\"@type\":\"ReadAction\",\"target\":[\"https:\/\/almer.sk\/cs\/integrovane-produkty\/\"]}]},{\"@type\":\"BreadcrumbList\",\"@id\":\"https:\/\/almer.sk\/cs\/integrovane-produkty\/#breadcrumb\",\"itemListElement\":[{\"@type\":\"ListItem\",\"position\":1,\"name\":\"Home\",\"item\":\"https:\/\/almer.sk\/cs\/home\/\"},{\"@type\":\"ListItem\",\"position\":2,\"name\":\"Integrovan\u00e9 produkty\"}]},{\"@type\":\"WebSite\",\"@id\":\"https:\/\/almer.sk\/cs\/#website\",\"url\":\"https:\/\/almer.sk\/cs\/\",\"name\":\"Almer.sk\",\"description\":\"Technologick\u00fd l\u00edder v oblasti presn\u00fdch prevodoviek\",\"potentialAction\":[{\"@type\":\"SearchAction\",\"target\":{\"@type\":\"EntryPoint\",\"urlTemplate\":\"https:\/\/almer.sk\/cs\/?s={search_term_string}\"},\"query-input\":{\"@type\":\"PropertyValueSpecification\",\"valueRequired\":true,\"valueName\":\"search_term_string\"}}],\"inLanguage\":\"cs\"}]}<\/script>\n<!-- \/ Yoast SEO plugin. -->","yoast_head_json":{"title":"Integrovan\u00e9 produkty - Almer.sk","robots":{"index":"index","follow":"follow","max-snippet":"max-snippet:-1","max-image-preview":"max-image-preview:large","max-video-preview":"max-video-preview:-1"},"canonical":"https:\/\/almer.sk\/cs\/integrovane-produkty\/","og_locale":"cs_CZ","og_type":"article","og_title":"Integrovan\u00e9 produkty - Almer.sk","og_description":"&gt; Domov \/ Integrovan\u00e9 produktyIntegrovan\u00e9 produkty","og_url":"https:\/\/almer.sk\/cs\/integrovane-produkty\/","og_site_name":"Almer.sk","article_modified_time":"2023-09-06T09:27:00+00:00","twitter_card":"summary_large_image","twitter_misc":{"Odhadovan\u00e1 doba \u010dten\u00ed":"2 minuty"},"schema":{"@context":"https:\/\/schema.org","@graph":[{"@type":"WebPage","@id":"https:\/\/almer.sk\/cs\/integrovane-produkty\/","url":"https:\/\/almer.sk\/cs\/integrovane-produkty\/","name":"Integrovan\u00e9 produkty - Almer.sk","isPartOf":{"@id":"https:\/\/almer.sk\/cs\/#website"},"datePublished":"2023-06-15T06:52:29+00:00","dateModified":"2023-09-06T09:27:00+00:00","breadcrumb":{"@id":"https:\/\/almer.sk\/cs\/integrovane-produkty\/#breadcrumb"},"inLanguage":"cs","potentialAction":[{"@type":"ReadAction","target":["https:\/\/almer.sk\/cs\/integrovane-produkty\/"]}]},{"@type":"BreadcrumbList","@id":"https:\/\/almer.sk\/cs\/integrovane-produkty\/#breadcrumb","itemListElement":[{"@type":"ListItem","position":1,"name":"Home","item":"https:\/\/almer.sk\/cs\/home\/"},{"@type":"ListItem","position":2,"name":"Integrovan\u00e9 produkty"}]},{"@type":"WebSite","@id":"https:\/\/almer.sk\/cs\/#website","url":"https:\/\/almer.sk\/cs\/","name":"Almer.sk","description":"Technologick\u00fd l\u00edder v oblasti presn\u00fdch prevodoviek","potentialAction":[{"@type":"SearchAction","target":{"@type":"EntryPoint","urlTemplate":"https:\/\/almer.sk\/cs\/?s={search_term_string}"},"query-input":{"@type":"PropertyValueSpecification","valueRequired":true,"valueName":"search_term_string"}}],"inLanguage":"cs"}]}},"_links":{"self":[{"href":"https:\/\/almer.sk\/cs\/wp-json\/wp\/v2\/pages\/5622","targetHints":{"allow":["GET"]}}],"collection":[{"href":"https:\/\/almer.sk\/cs\/wp-json\/wp\/v2\/pages"}],"about":[{"href":"https:\/\/almer.sk\/cs\/wp-json\/wp\/v2\/types\/page"}],"author":[{"embeddable":true,"href":"https:\/\/almer.sk\/cs\/wp-json\/wp\/v2\/users\/1"}],"replies":[{"embeddable":true,"href":"https:\/\/almer.sk\/cs\/wp-json\/wp\/v2\/comments?post=5622"}],"version-history":[{"count":5,"href":"https:\/\/almer.sk\/cs\/wp-json\/wp\/v2\/pages\/5622\/revisions"}],"predecessor-version":[{"id":6616,"href":"https:\/\/almer.sk\/cs\/wp-json\/wp\/v2\/pages\/5622\/revisions\/6616"}],"wp:attachment":[{"href":"https:\/\/almer.sk\/cs\/wp-json\/wp\/v2\/media?parent=5622"}],"curies":[{"name":"wp","href":"https:\/\/api.w.org\/{rel}","templated":true}]}}