{"id":5599,"date":"2023-06-20T08:18:49","date_gmt":"2023-06-20T06:18:49","guid":{"rendered":"https:\/\/almer.sk\/gramofony-4-osa\/"},"modified":"2023-08-25T06:27:49","modified_gmt":"2023-08-25T04:27:49","slug":"otocne-stoly-4-osa","status":"publish","type":"page","link":"https:\/\/almer.sk\/cs\/cnc-otocne-stoly\/otocne-stoly-4-osa\/","title":{"rendered":"Oto\u010dn\u00e9 stoly 4. osa"},"content":{"rendered":"<p>[et_pb_section fb_built=&#8220;1&#8243; _builder_version=&#8220;4.21.0&#8243; _module_preset=&#8220;default&#8220; global_colors_info=&#8220;{}&#8220;][et_pb_row _builder_version=&#8220;4.21.0&#8243; _module_preset=&#8220;default&#8220; global_colors_info=&#8220;{}&#8220;][et_pb_column type=&#8220;4_4&#8243; _builder_version=&#8220;4.21.0&#8243; _module_preset=&#8220;default&#8220; global_colors_info=&#8220;{}&#8220;][et_pb_blurb content_max_width=&#8220;1100px&#8220; _builder_version=&#8220;4.21.0&#8243; _module_preset=&#8220;default&#8220; body_text_align=&#8220;left&#8220; global_colors_info=&#8220;{}&#8220;]<\/p>\n<p> <a class=\"bread\" href=\"https:\/\/almer.sk\/cs\/\">&gt; Dom\u016f<\/a> \/ <a class=\"bread\" href=\"https:\/\/almer.sk\/cs\/cnc-otocne-stoly\/\">Oto\u010dn\u00e9 stoly<\/a> \/ 4. osa<\/p>\n<p>[\/et_pb_blurb][et_pb_blurb content_max_width=&#8220;1100px&#8220; _builder_version=&#8220;4.21.0&#8243; _module_preset=&#8220;default&#8220; header_level=&#8220;h1&#8243; header_font=&#8220;|||on|||||&#8220; body_font=&#8220;|||on|||||&#8220; body_text_align=&#8220;center&#8220; body_line_height=&#8220;1.6em&#8220; global_colors_info=&#8220;{}&#8220;]<\/p>\n<h1><span class=\"cierna\">CNC oto\u010dn\u00e9 stoly &#8211; polohovadla<\/span> &#8211; 4. osa<\/h1>\n<p>[\/et_pb_blurb][\/et_pb_column][\/et_pb_row][et_pb_row _builder_version=&#8220;4.21.0&#8243; _module_preset=&#8220;default&#8220; global_colors_info=&#8220;{}&#8220;][et_pb_column type=&#8220;4_4&#8243; _builder_version=&#8220;4.21.0&#8243; _module_preset=&#8220;default&#8220; global_colors_info=&#8220;{}&#8220;][\/et_pb_column][\/et_pb_row][et_pb_row column_structure=&#8220;1_2,1_2&#8243; _builder_version=&#8220;4.21.0&#8243; _module_preset=&#8220;default&#8220; global_colors_info=&#8220;{}&#8220;][et_pb_column type=&#8220;1_2&#8243; _builder_version=&#8220;4.21.0&#8243; _module_preset=&#8220;default&#8220; global_colors_info=&#8220;{}&#8220;][et_pb_blurb image=&#8220;https:\/\/almer.sk\/wp-content\/uploads\/2023\/06\/KCR-320-4th-axis.png&#8220; alt=&#8220;KCR-320 4. osa&#8220; _builder_version=&#8220;4.21.0&#8243; _module_preset=&#8220;default&#8220; width=&#8220;40%&#8220; module_alignment=&#8220;center&#8220; custom_margin=&#8220;||||false|false&#8220; custom_padding=&#8220;|20px|||false|false&#8220; animation=&#8220;off&#8220; global_colors_info=&#8220;{}&#8220;][\/et_pb_blurb][\/et_pb_column][et_pb_column type=&#8220;1_2&#8243; _builder_version=&#8220;4.21.0&#8243; _module_preset=&#8220;default&#8220; global_colors_info=&#8220;{}&#8220;][et_pb_blurb image=&#8220;https:\/\/almer.sk\/wp-content\/uploads\/2023\/06\/4.os-2.foto_.png&#8220; alt=&#8220;4.osa 2.foto&#8220; _builder_version=&#8220;4.21.0&#8243; _module_preset=&#8220;default&#8220; width=&#8220;100%&#8220; max_width=&#8220;100%&#8220; module_alignment=&#8220;center&#8220; custom_padding=&#8220;||||false|false&#8220; animation=&#8220;off&#8220; locked=&#8220;off&#8220; global_colors_info=&#8220;{}&#8220;][\/et_pb_blurb][\/et_pb_column][\/et_pb_row][et_pb_row _builder_version=&#8220;4.21.0&#8243; _module_preset=&#8220;default&#8220; global_colors_info=&#8220;{}&#8220;][et_pb_column type=&#8220;4_4&#8243; _builder_version=&#8220;4.21.0&#8243; _module_preset=&#8220;default&#8220; global_colors_info=&#8220;{}&#8220;][et_pb_tabs active_tab_background_color=&#8220;#000000&#8243; inactive_tab_background_color=&#8220;#ff0000&#8243; active_tab_text_color=&#8220;#ffffff&#8220; module_id=&#8220;taby&#8220; _builder_version=&#8220;4.21.0&#8243; tab_text_color=&#8220;#ffffff&#8220; tab_font=&#8220;|300|||||||&#8220; tab_font_size=&#8220;16px&#8220; tab_line_height=&#8220;2.8em&#8220; border_width_all=&#8220;0px&#8220; border_color_all=&#8220;rgba(0,0,0,0)&#8220; global_colors_info=&#8220;{}&#8220;][et_pb_tab title=&#8220;Popis&#8220; _builder_version=&#8220;4.21.0&#8243; global_colors_info=&#8220;{}&#8220;]<\/p>\n<p>Rota\u010dn\u00ed polohovac\u00ed moduly jsou zalo\u017eeny na vysoce p\u0159esn\u00fdch patentovan\u00fdch harmonick\u00fdch p\u0159evodovk\u00e1ch LD nejnov\u011bj\u0161\u00ed generace s mimo\u0159\u00e1dn\u011b dlouhou \u017eivotnost\u00ed a velmi vysokou p\u0159esnost\u00ed indexov\u00e1n\u00ed. Pou\u017e\u00edvaj\u00ed se p\u0159edev\u0161\u00edm pro 4. osu, resp. 5.axis CNC vysoce p\u0159esn\u00e9 obr\u00e1b\u011bn\u00ed.<\/p>\n<p>Jejich sou\u010d\u00e1st\u00ed jsou motory LD s vysokou hustotou v\u00fdkonu a integrovan\u00fdm p\u0159\u00edm\u00fdm p\u0159ipojen\u00edm pro dosa\u017een\u00ed rychl\u00e9 dynamick\u00e9 odezvy. V sou\u010dasn\u00e9 dob\u011b je to jedin\u00fd oto\u010dn\u00fd st\u016fl na trhu s p\u0159esnost\u00ed men\u0161\u00ed ne\u017e 10 obloukov\u00fdch sekund, mimo\u0159\u00e1dn\u011b vysokou tuhost\u00ed a maxim\u00e1ln\u00edm to\u010div\u00fdm momentem 1470 Nm.<\/p>\n<p>Kvalita konstrukce zaru\u010duje, \u017ee p\u0159esnost z\u016fstane nezm\u011bn\u011bna po dobu v\u00edce ne\u017e p\u011bti let bez nutnosti pravideln\u00e9 \u00fadr\u017eby.<\/p>\n<p>&nbsp;<\/p>\n<h4>Hlavn\u00ed funkce<\/h4>\n<p>&nbsp;<\/p>\n<ul>\n<li><strong>Vysok\u00e1 p\u0159esnost:<\/strong> absolutn\u00ed p\u0159esnost ur\u010den\u00ed polohy je men\u0161\u00ed ne\u017e 10 \u00fahlov\u00fdch vte\u0159in (0,0028\u00b0).<\/li>\n<li><strong>Nulov\u00e1 v\u016fle:<\/strong> Bezobjemov\u00fd harmonick\u00fd pohon .<\/li>\n<li><strong>Vysok\u00fd to\u010div\u00fd moment:<\/strong> mal\u00e9 rozm\u011bry, vysok\u00fd to\u010div\u00fd moment; v\u00fdstupn\u00ed to\u010div\u00fd moment a\u017e 1470 Nm.<\/li>\n<li><strong>Bez\u00fadr\u017ebovost:<\/strong> \u017e\u00e1dn\u00e1 degenerace p\u0159esnosti, \u017e\u00e1dn\u00e1 nutnost pravideln\u00e9 \u00fadr\u017eby. P\u0159esnost z\u016fst\u00e1v\u00e1 nezm\u011bn\u011bna po v\u00edce ne\u017e 20 000 hodin\u00e1ch pou\u017e\u00edv\u00e1n\u00ed.<\/li>\n<li><strong>Integrace:<\/strong> vysoce integrovan\u00fd, s vestav\u011bn\u00fdm extr\u00e9mn\u011b p\u0159esn\u00fdm a tuh\u00fdm speci\u00e1ln\u00edm harmonick\u00fdm reduktorem ot\u00e1\u010dek pro obr\u00e1b\u011bc\u00ed stroje (mezin\u00e1rodn\u011b patentovan\u00fd v\u00fdrobek) a v\u00fdkonn\u00fdm motorem s vysokou hustotou v\u00fdkonu a podporou n\u00edzk\u00e9ho to\u010div\u00e9ho momentu.<\/li>\n<li><strong>Rychl\u00e1 odezva<\/strong>: vynikaj\u00edc\u00ed dynamick\u00e1 odezva.<\/li>\n<li><strong>Rychl\u00e9 polohov\u00e1n\u00ed:<\/strong> bez v\u016fle a s vysokou tuhost\u00ed; p\u0159i pr\u00e1ci nen\u00ed t\u0159eba brzdit, co\u017e v\u00fdrazn\u011b zkracuje \u010das.<\/li>\n<li><strong>Vysok\u00e1 \u00fa\u010dinnost<\/strong>: \u00da\u010dinnost je 75 a\u017e 80 %.<\/li>\n<\/ul>\n<p>[\/et_pb_tab][et_pb_tab title=&#8220;Parametry&#8220; _builder_version=&#8220;4.21.0&#8243; global_colors_info=&#8220;{}&#8220;]<\/p>\n<h3>Parametry 4.axis<\/h3>\n<ul class=\"et_post_gallery clearfix\">\n\t\t\t\t\t<li class=\"et_gallery_item et_pb_gallery_image\">\n\t\t\t\t\t\t<a href=\"https:\/\/almer.sk\/wp-content\/uploads\/2023\/06\/Rot-Table-4.os-Param-e1688656055565.jpg\" title=\"Parametre 4. os\">\n\t\t\t\t\t\t\t<span class=\"et_portfolio_image\">\n\t\t\t\t\t\t\t\t<img loading=\"lazy\" decoding=\"async\" width=\"400\" height=\"284\" src=\"https:\/\/almer.sk\/wp-content\/uploads\/2023\/06\/Rot-Table-4.os-Param-e1688656055565-400x284.jpg\" class=\"attachment-et-pb-portfolio-image size-et-pb-portfolio-image\" alt=\"\" \/>\n\t\t\t\t\t\t\t\t<span class=\"et_overlay\"><\/span>\n\t\t\t\t\t\t\t<\/span>\n\t\t\t\t\t\t<\/a>\n\t\t\t\t\t\t<p class=\"et_pb_gallery_caption\">Parametre 4. os<\/p>\n\t\t\t\t\t<\/li>\n\t\t\t\t<\/ul>\n<p>[\/et_pb_tab][et_pb_tab title=&#8220;V\u00fdkresy&#8220; _builder_version=&#8220;4.21.0&#8243; global_colors_info=&#8220;{}&#8220;]<\/p>\n<h3>V\u00fdkresy 4.osa<\/h3>\n<p><ul class=\"et_post_gallery clearfix\">\n\t\t\t\t\t<li class=\"et_gallery_item et_pb_gallery_image\">\n\t\t\t\t\t\t<a href=\"https:\/\/almer.sk\/wp-content\/uploads\/2023\/06\/KCR-170FEDF-scaled.jpg\" title=\"KCR-170FEDF\">\n\t\t\t\t\t\t\t<span class=\"et_portfolio_image\">\n\t\t\t\t\t\t\t\t<img loading=\"lazy\" decoding=\"async\" width=\"400\" height=\"284\" src=\"https:\/\/almer.sk\/wp-content\/uploads\/2023\/06\/KCR-170FEDF-400x284.jpg\" class=\"attachment-et-pb-portfolio-image size-et-pb-portfolio-image\" alt=\"\" \/>\n\t\t\t\t\t\t\t\t<span class=\"et_overlay\"><\/span>\n\t\t\t\t\t\t\t<\/span>\n\t\t\t\t\t\t<\/a>\n\t\t\t\t\t\t<p class=\"et_pb_gallery_caption\">KCR-170FEDF<\/p>\n\t\t\t\t\t<\/li><li class=\"et_gallery_item et_pb_gallery_image\">\n\t\t\t\t\t\t<a href=\"https:\/\/almer.sk\/wp-content\/uploads\/2023\/06\/KCR-200FEDF-scaled.jpg\" title=\"KCR-200FEDF\">\n\t\t\t\t\t\t\t<span class=\"et_portfolio_image\">\n\t\t\t\t\t\t\t\t<img loading=\"lazy\" decoding=\"async\" width=\"400\" height=\"284\" src=\"https:\/\/almer.sk\/wp-content\/uploads\/2023\/06\/KCR-200FEDF-400x284.jpg\" class=\"attachment-et-pb-portfolio-image size-et-pb-portfolio-image\" alt=\"\" \/>\n\t\t\t\t\t\t\t\t<span class=\"et_overlay\"><\/span>\n\t\t\t\t\t\t\t<\/span>\n\t\t\t\t\t\t<\/a>\n\t\t\t\t\t\t<p class=\"et_pb_gallery_caption\">KCR-200FEDF<\/p>\n\t\t\t\t\t<\/li><li class=\"et_gallery_item et_pb_gallery_image\">\n\t\t\t\t\t\t<a href=\"https:\/\/almer.sk\/wp-content\/uploads\/2023\/06\/KCR-250FEDF-scaled.jpg\" title=\"KCR-250FEDF\">\n\t\t\t\t\t\t\t<span class=\"et_portfolio_image\">\n\t\t\t\t\t\t\t\t<img loading=\"lazy\" decoding=\"async\" width=\"400\" height=\"284\" src=\"https:\/\/almer.sk\/wp-content\/uploads\/2023\/06\/KCR-250FEDF-400x284.jpg\" class=\"attachment-et-pb-portfolio-image size-et-pb-portfolio-image\" alt=\"\" \/>\n\t\t\t\t\t\t\t\t<span class=\"et_overlay\"><\/span>\n\t\t\t\t\t\t\t<\/span>\n\t\t\t\t\t\t<\/a>\n\t\t\t\t\t\t<p class=\"et_pb_gallery_caption\">KCR-250FEDF<\/p>\n\t\t\t\t\t<\/li><li class=\"et_gallery_item et_pb_gallery_image\">\n\t\t\t\t\t\t<a href=\"https:\/\/almer.sk\/wp-content\/uploads\/2023\/06\/KCR-320FUDF-scaled.jpg\" title=\"KCR-320FUDF\">\n\t\t\t\t\t\t\t<span class=\"et_portfolio_image\">\n\t\t\t\t\t\t\t\t<img loading=\"lazy\" decoding=\"async\" width=\"400\" height=\"284\" src=\"https:\/\/almer.sk\/wp-content\/uploads\/2023\/06\/KCR-320FUDF-400x284.jpg\" class=\"attachment-et-pb-portfolio-image size-et-pb-portfolio-image\" alt=\"\" \/>\n\t\t\t\t\t\t\t\t<span class=\"et_overlay\"><\/span>\n\t\t\t\t\t\t\t<\/span>\n\t\t\t\t\t\t<\/a>\n\t\t\t\t\t\t<p class=\"et_pb_gallery_caption\">KCR-320FUDF<\/p>\n\t\t\t\t\t<\/li>\n\t\t\t\t<\/ul>[\/et_pb_tab][et_pb_tab title=&#8220;3D&#8220; _builder_version=&#8220;4.21.0&#8243; global_colors_info=&#8220;{}&#8220;]<\/p>\n<h3>Pro 3D v\u00fdstup n\u00e1s pros\u00edm kontaktujte<\/h3>\n<h4>[et_pb_section global_module=\"1380\"][\/et_pb_section]<\/h4>\n<p>[\/et_pb_tab][et_pb_tab title=&#8220;Specifikace modelu&#8220; _builder_version=&#8220;4.21.0&#8243; global_colors_info=&#8220;{}&#8220;]<\/p>\n<h3>Specifikace 4. osa<\/h3>\n<ul class=\"et_post_gallery clearfix\">\n\t\t\t\t\t<li class=\"et_gallery_item et_pb_gallery_image\">\n\t\t\t\t\t\t<a href=\"https:\/\/almer.sk\/wp-content\/uploads\/2023\/06\/Specifikacia-4.os_-scaled-e1688656094262.jpg\" title=\"S\u030cpecifika\u0301cia 4.os\">\n\t\t\t\t\t\t\t<span class=\"et_portfolio_image\">\n\t\t\t\t\t\t\t\t<img loading=\"lazy\" decoding=\"async\" width=\"400\" height=\"284\" src=\"https:\/\/almer.sk\/wp-content\/uploads\/2023\/06\/Specifikacia-4.os_-scaled-e1688656094262-400x284.jpg\" class=\"attachment-et-pb-portfolio-image size-et-pb-portfolio-image\" alt=\"\" \/>\n\t\t\t\t\t\t\t\t<span class=\"et_overlay\"><\/span>\n\t\t\t\t\t\t\t<\/span>\n\t\t\t\t\t\t<\/a>\n\t\t\t\t\t\t<p class=\"et_pb_gallery_caption\">S\u030cpecifika\u0301cia 4.os<\/p>\n\t\t\t\t\t<\/li>\n\t\t\t\t<\/ul>\n<p>[\/et_pb_tab][et_pb_tab title=&#8220;Dotaz na v\u00fdrobek&#8220; _builder_version=&#8220;4.21.0&#8243; global_colors_info=&#8220;{}&#8220;]<\/p>\n<p>Kontaktujte n\u00e1\u0161 technick\u00fd prodejn\u00ed t\u00fdm a vy\u017e\u00e1dejte si ceny, datov\u00e9 listy, technick\u00e9 v\u00fdkresy (2D\/3D), hardwarov\u00e9 a softwarov\u00e9 p\u0159\u00edru\u010dky nebo jak\u00e9koli dal\u0161\u00ed technick\u00e9 informace pro va\u0161e aplikace&#8230;<\/p>\n[et_pb_section global_module=\"1380\"][\/et_pb_section]\n<p>[\/et_pb_tab][\/et_pb_tabs][\/et_pb_column][\/et_pb_row][\/et_pb_section]<\/p>\n","protected":false},"excerpt":{"rendered":"<p>&gt; Dom\u016f \/ Oto\u010dn\u00e9 stoly \/ 4. osaCNC oto\u010dn\u00e9 stoly &#8211; polohovadla &#8211; 4. osaRota\u010dn\u00ed polohovac\u00ed moduly jsou zalo\u017eeny na vysoce p\u0159esn\u00fdch patentovan\u00fdch harmonick\u00fdch p\u0159evodovk\u00e1ch LD nejnov\u011bj\u0161\u00ed generace s mimo\u0159\u00e1dn\u011b dlouhou \u017eivotnost\u00ed a velmi vysokou p\u0159esnost\u00ed indexov\u00e1n\u00ed. Pou\u017e\u00edvaj\u00ed se p\u0159edev\u0161\u00edm pro 4. osu, resp. 5.axis CNC vysoce p\u0159esn\u00e9 obr\u00e1b\u011bn\u00ed. Jejich sou\u010d\u00e1st\u00ed jsou motory LD s [&hellip;]<\/p>\n","protected":false},"author":1,"featured_media":0,"parent":5666,"menu_order":0,"comment_status":"closed","ping_status":"closed","template":"","meta":{"_et_pb_use_builder":"on","_et_pb_old_content":"","_et_gb_content_width":"","footnotes":""},"class_list":["post-5599","page","type-page","status-publish","hentry"],"yoast_head":"<!-- This site is optimized with the Yoast SEO plugin v26.6 - https:\/\/yoast.com\/wordpress\/plugins\/seo\/ -->\n<title>Oto\u010dn\u00e9 stoly 4. osa - Almer.sk<\/title>\n<meta name=\"robots\" content=\"index, follow, max-snippet:-1, max-image-preview:large, max-video-preview:-1\" \/>\n<link rel=\"canonical\" href=\"https:\/\/almer.sk\/cs\/cnc-otocne-stoly\/otocne-stoly-4-osa\/\" \/>\n<meta property=\"og:locale\" content=\"cs_CZ\" \/>\n<meta property=\"og:type\" content=\"article\" \/>\n<meta property=\"og:title\" content=\"Oto\u010dn\u00e9 stoly 4. osa - Almer.sk\" \/>\n<meta property=\"og:description\" content=\"&gt; Dom\u016f \/ Oto\u010dn\u00e9 stoly \/ 4. osaCNC oto\u010dn\u00e9 stoly - polohovadla - 4. osaRota\u010dn\u00ed polohovac\u00ed moduly jsou zalo\u017eeny na vysoce p\u0159esn\u00fdch patentovan\u00fdch harmonick\u00fdch p\u0159evodovk\u00e1ch LD nejnov\u011bj\u0161\u00ed generace s mimo\u0159\u00e1dn\u011b dlouhou \u017eivotnost\u00ed a velmi vysokou p\u0159esnost\u00ed indexov\u00e1n\u00ed. Pou\u017e\u00edvaj\u00ed se p\u0159edev\u0161\u00edm pro 4. osu, resp. 5.axis CNC vysoce p\u0159esn\u00e9 obr\u00e1b\u011bn\u00ed. Jejich sou\u010d\u00e1st\u00ed jsou motory LD s [&hellip;]\" \/>\n<meta property=\"og:url\" content=\"https:\/\/almer.sk\/cs\/cnc-otocne-stoly\/otocne-stoly-4-osa\/\" \/>\n<meta property=\"og:site_name\" content=\"Almer.sk\" \/>\n<meta property=\"article:modified_time\" content=\"2023-08-25T04:27:49+00:00\" \/>\n<meta name=\"twitter:card\" content=\"summary_large_image\" \/>\n<meta name=\"twitter:label1\" content=\"Odhadovan\u00e1 doba \u010dten\u00ed\" \/>\n\t<meta name=\"twitter:data1\" content=\"3 minuty\" \/>\n<script type=\"application\/ld+json\" class=\"yoast-schema-graph\">{\"@context\":\"https:\/\/schema.org\",\"@graph\":[{\"@type\":\"WebPage\",\"@id\":\"https:\/\/almer.sk\/cs\/cnc-otocne-stoly\/otocne-stoly-4-osa\/\",\"url\":\"https:\/\/almer.sk\/cs\/cnc-otocne-stoly\/otocne-stoly-4-osa\/\",\"name\":\"Oto\u010dn\u00e9 stoly 4. osa - Almer.sk\",\"isPartOf\":{\"@id\":\"https:\/\/almer.sk\/cs\/#website\"},\"datePublished\":\"2023-06-20T06:18:49+00:00\",\"dateModified\":\"2023-08-25T04:27:49+00:00\",\"breadcrumb\":{\"@id\":\"https:\/\/almer.sk\/cs\/cnc-otocne-stoly\/otocne-stoly-4-osa\/#breadcrumb\"},\"inLanguage\":\"cs\",\"potentialAction\":[{\"@type\":\"ReadAction\",\"target\":[\"https:\/\/almer.sk\/cs\/cnc-otocne-stoly\/otocne-stoly-4-osa\/\"]}]},{\"@type\":\"BreadcrumbList\",\"@id\":\"https:\/\/almer.sk\/cs\/cnc-otocne-stoly\/otocne-stoly-4-osa\/#breadcrumb\",\"itemListElement\":[{\"@type\":\"ListItem\",\"position\":1,\"name\":\"Home\",\"item\":\"https:\/\/almer.sk\/cs\/home\/\"},{\"@type\":\"ListItem\",\"position\":2,\"name\":\"CNC oto\u010dn\u00e9 stoly\",\"item\":\"https:\/\/almer.sk\/cs\/cnc-otocne-stoly\/\"},{\"@type\":\"ListItem\",\"position\":3,\"name\":\"Oto\u010dn\u00e9 stoly 4. osa\"}]},{\"@type\":\"WebSite\",\"@id\":\"https:\/\/almer.sk\/cs\/#website\",\"url\":\"https:\/\/almer.sk\/cs\/\",\"name\":\"Almer.sk\",\"description\":\"Technologick\u00fd l\u00edder v oblasti presn\u00fdch prevodoviek\",\"potentialAction\":[{\"@type\":\"SearchAction\",\"target\":{\"@type\":\"EntryPoint\",\"urlTemplate\":\"https:\/\/almer.sk\/cs\/?s={search_term_string}\"},\"query-input\":{\"@type\":\"PropertyValueSpecification\",\"valueRequired\":true,\"valueName\":\"search_term_string\"}}],\"inLanguage\":\"cs\"}]}<\/script>\n<!-- \/ Yoast SEO plugin. -->","yoast_head_json":{"title":"Oto\u010dn\u00e9 stoly 4. osa - Almer.sk","robots":{"index":"index","follow":"follow","max-snippet":"max-snippet:-1","max-image-preview":"max-image-preview:large","max-video-preview":"max-video-preview:-1"},"canonical":"https:\/\/almer.sk\/cs\/cnc-otocne-stoly\/otocne-stoly-4-osa\/","og_locale":"cs_CZ","og_type":"article","og_title":"Oto\u010dn\u00e9 stoly 4. osa - Almer.sk","og_description":"&gt; Dom\u016f \/ Oto\u010dn\u00e9 stoly \/ 4. osaCNC oto\u010dn\u00e9 stoly - polohovadla - 4. osaRota\u010dn\u00ed polohovac\u00ed moduly jsou zalo\u017eeny na vysoce p\u0159esn\u00fdch patentovan\u00fdch harmonick\u00fdch p\u0159evodovk\u00e1ch LD nejnov\u011bj\u0161\u00ed generace s mimo\u0159\u00e1dn\u011b dlouhou \u017eivotnost\u00ed a velmi vysokou p\u0159esnost\u00ed indexov\u00e1n\u00ed. Pou\u017e\u00edvaj\u00ed se p\u0159edev\u0161\u00edm pro 4. osu, resp. 5.axis CNC vysoce p\u0159esn\u00e9 obr\u00e1b\u011bn\u00ed. Jejich sou\u010d\u00e1st\u00ed jsou motory LD s [&hellip;]","og_url":"https:\/\/almer.sk\/cs\/cnc-otocne-stoly\/otocne-stoly-4-osa\/","og_site_name":"Almer.sk","article_modified_time":"2023-08-25T04:27:49+00:00","twitter_card":"summary_large_image","twitter_misc":{"Odhadovan\u00e1 doba \u010dten\u00ed":"3 minuty"},"schema":{"@context":"https:\/\/schema.org","@graph":[{"@type":"WebPage","@id":"https:\/\/almer.sk\/cs\/cnc-otocne-stoly\/otocne-stoly-4-osa\/","url":"https:\/\/almer.sk\/cs\/cnc-otocne-stoly\/otocne-stoly-4-osa\/","name":"Oto\u010dn\u00e9 stoly 4. osa - Almer.sk","isPartOf":{"@id":"https:\/\/almer.sk\/cs\/#website"},"datePublished":"2023-06-20T06:18:49+00:00","dateModified":"2023-08-25T04:27:49+00:00","breadcrumb":{"@id":"https:\/\/almer.sk\/cs\/cnc-otocne-stoly\/otocne-stoly-4-osa\/#breadcrumb"},"inLanguage":"cs","potentialAction":[{"@type":"ReadAction","target":["https:\/\/almer.sk\/cs\/cnc-otocne-stoly\/otocne-stoly-4-osa\/"]}]},{"@type":"BreadcrumbList","@id":"https:\/\/almer.sk\/cs\/cnc-otocne-stoly\/otocne-stoly-4-osa\/#breadcrumb","itemListElement":[{"@type":"ListItem","position":1,"name":"Home","item":"https:\/\/almer.sk\/cs\/home\/"},{"@type":"ListItem","position":2,"name":"CNC oto\u010dn\u00e9 stoly","item":"https:\/\/almer.sk\/cs\/cnc-otocne-stoly\/"},{"@type":"ListItem","position":3,"name":"Oto\u010dn\u00e9 stoly 4. osa"}]},{"@type":"WebSite","@id":"https:\/\/almer.sk\/cs\/#website","url":"https:\/\/almer.sk\/cs\/","name":"Almer.sk","description":"Technologick\u00fd l\u00edder v oblasti presn\u00fdch prevodoviek","potentialAction":[{"@type":"SearchAction","target":{"@type":"EntryPoint","urlTemplate":"https:\/\/almer.sk\/cs\/?s={search_term_string}"},"query-input":{"@type":"PropertyValueSpecification","valueRequired":true,"valueName":"search_term_string"}}],"inLanguage":"cs"}]}},"_links":{"self":[{"href":"https:\/\/almer.sk\/cs\/wp-json\/wp\/v2\/pages\/5599","targetHints":{"allow":["GET"]}}],"collection":[{"href":"https:\/\/almer.sk\/cs\/wp-json\/wp\/v2\/pages"}],"about":[{"href":"https:\/\/almer.sk\/cs\/wp-json\/wp\/v2\/types\/page"}],"author":[{"embeddable":true,"href":"https:\/\/almer.sk\/cs\/wp-json\/wp\/v2\/users\/1"}],"replies":[{"embeddable":true,"href":"https:\/\/almer.sk\/cs\/wp-json\/wp\/v2\/comments?post=5599"}],"version-history":[{"count":6,"href":"https:\/\/almer.sk\/cs\/wp-json\/wp\/v2\/pages\/5599\/revisions"}],"predecessor-version":[{"id":6450,"href":"https:\/\/almer.sk\/cs\/wp-json\/wp\/v2\/pages\/5599\/revisions\/6450"}],"up":[{"embeddable":true,"href":"https:\/\/almer.sk\/cs\/wp-json\/wp\/v2\/pages\/5666"}],"wp:attachment":[{"href":"https:\/\/almer.sk\/cs\/wp-json\/wp\/v2\/media?parent=5599"}],"curies":[{"name":"wp","href":"https:\/\/api.w.org\/{rel}","templated":true}]}}