{"id":5583,"date":"2023-06-15T08:52:05","date_gmt":"2023-06-15T06:52:05","guid":{"rendered":"https:\/\/almer.sk\/rotacni-pohony\/"},"modified":"2023-08-31T11:01:53","modified_gmt":"2023-08-31T09:01:53","slug":"rotacni-pohony","status":"publish","type":"page","link":"https:\/\/almer.sk\/cs\/rotacni-pohony\/","title":{"rendered":"Rota\u010dn\u00ed aktuatory"},"content":{"rendered":"<p>[et_pb_section fb_built=&#8220;1&#8243; admin_label=&#8220;Section&#8220; _builder_version=&#8220;4.21.0&#8243; _module_preset=&#8220;default&#8220; locked=&#8220;off&#8220; global_colors_info=&#8220;{}&#8220;][et_pb_row _builder_version=&#8220;4.21.0&#8243; _module_preset=&#8220;default&#8220; width=&#8220;90%&#8220; global_colors_info=&#8220;{}&#8220;][et_pb_column type=&#8220;4_4&#8243; _builder_version=&#8220;4.21.0&#8243; _module_preset=&#8220;default&#8220; global_colors_info=&#8220;{}&#8220;][et_pb_blurb content_max_width=&#8220;1100px&#8220; _builder_version=&#8220;4.21.0&#8243; _module_preset=&#8220;default&#8220; body_text_align=&#8220;left&#8220; global_colors_info=&#8220;{}&#8220;]<\/p>\n<p style=\"text-align: left;\"> <a class=\"bread\" href=\"https:\/\/almer.sk\/cs\/\">&lt; Dom\u016f<\/a> \/ Aktu\u00e1tory<\/p>\n<p>[\/et_pb_blurb][et_pb_blurb _builder_version=&#8220;4.21.0&#8243; _module_preset=&#8220;default&#8220; header_level=&#8220;h1&#8243; header_font=&#8220;|||on|||||&#8220; body_font=&#8220;|||on|||||&#8220; body_text_align=&#8220;center&#8220; global_colors_info=&#8220;{}&#8220;]<\/p>\n<h1><span class=\"cierna\">Rota\u010dn\u00ed harmonick\u00e9<\/span> aktu\u00e1tory<\/h1>\n<p>[\/et_pb_blurb][\/et_pb_column][\/et_pb_row][et_pb_row column_structure=&#8220;1_4,1_4,1_4,1_4&#8243; _builder_version=&#8220;4.21.0&#8243; _module_preset=&#8220;default&#8220; custom_margin=&#8220;20px||||false|false&#8220; global_colors_info=&#8220;{}&#8220;][et_pb_column type=&#8220;1_4&#8243; _builder_version=&#8220;4.21.0&#8243; _module_preset=&#8220;default&#8220; global_colors_info=&#8220;{}&#8220;][et_pb_blurb url=&#8220;https:\/\/almer.sk\/cs\/rotacni-pohony\/aah-rotacni-pohony\/&#8220; image=&#8220;https:\/\/almer.sk\/wp-content\/uploads\/2023\/06\/actuator-KAH.gif&#8220; alt=&#8220;aktu\u00e1tor-KAH&#8220; _builder_version=&#8220;4.21.0&#8243; _module_preset=&#8220;default&#8220; width=&#8220;100%&#8220; max_width=&#8220;100%&#8220; module_alignment=&#8220;center&#8220; custom_margin=&#8220;||||false|false&#8220; animation=&#8220;off&#8220; link_option_url=&#8220;https:\/\/almer.sk\/cs\/rotacni-pohony\/aah-rotacni-pohony\/&#8220; global_colors_info=&#8220;{}&#8220;]<\/p>\n<h3 style=\"text-align: center;\">\u0158ada <span class=\"cervena\">AAH<\/span> <\/h3>\n<p>[\/et_pb_blurb][\/et_pb_column][et_pb_column type=&#8220;1_4&#8243; _builder_version=&#8220;4.21.0&#8243; _module_preset=&#8220;default&#8220; global_colors_info=&#8220;{}&#8220;][et_pb_blurb image=&#8220;https:\/\/almer.sk\/wp-content\/uploads\/2023\/06\/actuator-KAT.gif&#8220; alt=&#8220;aktu\u00e1tor-KAT&#8220; _builder_version=&#8220;4.21.0&#8243; _module_preset=&#8220;default&#8220; width=&#8220;100%&#8220; max_width=&#8220;100%&#8220; module_alignment=&#8220;center&#8220; custom_margin=&#8220;||||false|false&#8220; animation=&#8220;off&#8220; hover_enabled=&#8220;0&#8243; global_colors_info=&#8220;{}&#8220; url=&#8220;https:\/\/almer.sk\/cs\/rotacni-pohony\/aat-rotacni-pohony\/&#8220; link_option_url=&#8220;https:\/\/almer.sk\/cs\/rotacni-pohony\/aat-rotacni-pohony\/&#8220; sticky_enabled=&#8220;0&#8243;]<\/p>\n<h3 style=\"text-align: center;\">\u0158ada <span class=\"cervena\">AAT<\/span> <\/h3>\n<p>[\/et_pb_blurb][\/et_pb_column][et_pb_column type=&#8220;1_4&#8243; _builder_version=&#8220;4.21.0&#8243; _module_preset=&#8220;default&#8220; global_colors_info=&#8220;{}&#8220;][et_pb_blurb url=&#8220;https:\/\/almer.sk\/cs\/rotacni-pohony\/aas-rotacni-pohony\/&#8220; image=&#8220;https:\/\/almer.sk\/wp-content\/uploads\/2023\/06\/actuator-KAS.gif&#8220; alt=&#8220;aktu\u00e1tor-KAS&#8220; _builder_version=&#8220;4.21.0&#8243; _module_preset=&#8220;default&#8220; width=&#8220;100%&#8220; max_width=&#8220;100%&#8220; module_alignment=&#8220;center&#8220; custom_margin=&#8220;||||false|false&#8220; animation=&#8220;off&#8220; link_option_url=&#8220;https:\/\/almer.sk\/cs\/rotacni-pohony\/aas-rotacni-pohony\/&#8220; global_colors_info=&#8220;{}&#8220;]<\/p>\n<h3 style=\"text-align: center;\">\u0158ada <span class=\"cervena\">AAS<\/span> <\/h3>\n<p>[\/et_pb_blurb][\/et_pb_column][et_pb_column type=&#8220;1_4&#8243; _builder_version=&#8220;4.21.0&#8243; _module_preset=&#8220;default&#8220; global_colors_info=&#8220;{}&#8220;][et_pb_blurb url=&#8220;https:\/\/almer.sk\/cs\/rotacni-pohony\/agm-rotacni-pohony\/&#8220; image=&#8220;https:\/\/almer.sk\/wp-content\/uploads\/2023\/06\/actuator-KGM.gif&#8220; alt=&#8220;pohon-KGM&#8220; _builder_version=&#8220;4.21.0&#8243; _module_preset=&#8220;default&#8220; width=&#8220;100%&#8220; max_width=&#8220;100%&#8220; module_alignment=&#8220;center&#8220; custom_margin=&#8220;||||false|false&#8220; animation=&#8220;off&#8220; link_option_url=&#8220;https:\/\/almer.sk\/cs\/rotacni-pohony\/agm-rotacni-pohony\/&#8220; global_colors_info=&#8220;{}&#8220;]<\/p>\n<h3 style=\"text-align: center;\">\u0158ada <span class=\"cervena\">AGM<\/span> <\/h3>\n<p>[\/et_pb_blurb][\/et_pb_column][\/et_pb_row][et_pb_row admin_label=&#8220;\u0158\u00e1dek&#8220; _builder_version=&#8220;4.21.0&#8243; _module_preset=&#8220;default&#8220; global_colors_info=&#8220;{}&#8220;][et_pb_column type=&#8220;4_4&#8243; _builder_version=&#8220;4.21.0&#8243; _module_preset=&#8220;default&#8220; global_colors_info=&#8220;{}&#8220;][et_pb_blurb content_max_width=&#8220;1100px&#8220; _builder_version=&#8220;4.21.0&#8243; _module_preset=&#8220;default&#8220; global_colors_info=&#8220;{}&#8220;]<\/p>\n<p><span style=\"color: #ff0000;\"><br \/>\n  <strong>Integrovan\u00e9 harmonick\u00e9 pohony<\/strong><br \/>\n<\/span> poskytuj\u00ed <span style=\"color: #ff0000;\">vysok\u00fd to\u010div\u00fd moment a\u017e 800 Nm<\/span> a <span style=\"color: #ff0000;\">vysoce p\u0159esn\u00e9 rota\u010dn\u00ed \u0159\u00edzen\u00ed<\/span>. D\u00edky integrovan\u00e9 konstrukci, zpracov\u00e1n\u00ed a mont\u00e1\u017en\u00edm technik\u00e1m je navr\u017eena a vyr\u00e1b\u011bna jako kompaktn\u00ed \u0159e\u0161en\u00ed typu &#8222;v\u0161e v jednom&#8220;: tj. vysoce p\u0159esn\u00e1 <span style=\"color: #ff0000;\">harmonick\u00e1 p\u0159evodovka s<\/span> nulovou v\u016fl\u00ed, integrovan\u00fdm r\u00e1mov\u00fdm <span style=\"color: #ff0000;\">momentov\u00fdm motorem<\/span>, dut\u00fdm h\u0159\u00eddelem, <span style=\"color: #ff0000;\">absolutn\u00edm nebo inkrement\u00e1ln\u00edm sn\u00edma\u010dem s<\/span> vysok\u00fdm rozli\u0161en\u00edm, voliteln\u011b integrovanou <span style=\"color: #ff0000;\">brzdou<\/span> a inteligentn\u00edm sn\u00edma\u010dem.<\/p>\n<p>K dispozici jsou \u010dty\u0159i r\u016fzn\u00e9 \u0159ady, kter\u00e9 vyhovuj\u00ed r\u016fzn\u00fdm pr\u016fmyslov\u00fdm pot\u0159eb\u00e1m a aplikac\u00edm:<\/p>\n<p><span style=\"color: #ff0000;\">\u0158ada <strong>AAH a AAT<\/strong><\/span> s dutou h\u0159\u00eddel\u00ed pro \u00fasporu m\u00edsta a bezprobl\u00e9mov\u00e9 pou\u017eit\u00ed kabel\u016f;<\/p>\n<p><span style=\"color: #ff0000;\">\u0158ada <strong>AAS<\/strong><\/span> s plnou h\u0159\u00eddel\u00ed;<\/p>\n<p><span style=\"color: #ff0000;\">\u0158ada <strong>AGM<\/strong><\/span> s dutou h\u0159\u00eddel\u00ed, s integrovanou elektronikou<span style=\"color: #ff0000;\">(EtherCAT nebo CANOpen<\/span>) pro aplikace \u0159\u00edzen\u00ed polohy, rychlosti a to\u010div\u00e9ho momentu &#8211; v\u0161e v jednom.<\/p>\n<p>Na\u0161e integrovan\u00e9 harmonick\u00e9 p\u0159evodov\u00e9 motory mohou pracovat p\u0159i standardn\u00edm vstupn\u00edm nap\u011bt\u00ed <span style=\"color: #ff0000;\">48 V DC, 110 V AC nebo 220 V AC<\/span>.<\/p>\n<p>Dal\u0161\u00ed mo\u017enosti p\u0159izp\u016fsoben\u00ed: na vy\u017e\u00e1d\u00e1n\u00ed lze p\u0159izp\u016fsobit i vinut\u00ed a \u0159adu technick\u00fdch \u00fadaj\u016f (nap\u0159. kroutic\u00ed momenty, ot\u00e1\u010dky atd.).<\/p>\n<p>[\/et_pb_blurb][\/et_pb_column][\/et_pb_row][\/et_pb_section]<\/p>\n","protected":false},"excerpt":{"rendered":"<p>&lt; Dom\u016f \/ Aktu\u00e1toryRota\u010dn\u00ed harmonick\u00e9 aktu\u00e1tory\u0158ada AAH \u0158ada AAT \u0158ada AAS \u0158ada AGM Integrovan\u00e9 harmonick\u00e9 pohony poskytuj\u00ed vysok\u00fd to\u010div\u00fd moment a\u017e 800 Nm a vysoce p\u0159esn\u00e9 rota\u010dn\u00ed \u0159\u00edzen\u00ed. D\u00edky integrovan\u00e9 konstrukci, zpracov\u00e1n\u00ed a mont\u00e1\u017en\u00edm technik\u00e1m je navr\u017eena a vyr\u00e1b\u011bna jako kompaktn\u00ed \u0159e\u0161en\u00ed typu &#8222;v\u0161e v jednom&#8220;: tj. vysoce p\u0159esn\u00e1 harmonick\u00e1 p\u0159evodovka s nulovou v\u016fl\u00ed, integrovan\u00fdm [&hellip;]<\/p>\n","protected":false},"author":1,"featured_media":0,"parent":0,"menu_order":0,"comment_status":"closed","ping_status":"closed","template":"","meta":{"_et_pb_use_builder":"on","_et_pb_old_content":"","_et_gb_content_width":"","footnotes":""},"class_list":["post-5583","page","type-page","status-publish","hentry"],"yoast_head":"<!-- This site is optimized with the Yoast SEO plugin v26.6 - https:\/\/yoast.com\/wordpress\/plugins\/seo\/ -->\n<title>Rota\u010dn\u00ed aktuatory - Almer.sk<\/title>\n<meta name=\"robots\" content=\"index, follow, max-snippet:-1, max-image-preview:large, max-video-preview:-1\" \/>\n<link rel=\"canonical\" href=\"https:\/\/almer.sk\/cs\/rotacni-pohony\/\" \/>\n<meta property=\"og:locale\" content=\"cs_CZ\" \/>\n<meta property=\"og:type\" content=\"article\" \/>\n<meta property=\"og:title\" content=\"Rota\u010dn\u00ed aktuatory - Almer.sk\" \/>\n<meta property=\"og:description\" content=\"&lt; Dom\u016f \/ Aktu\u00e1toryRota\u010dn\u00ed harmonick\u00e9 aktu\u00e1tory\u0158ada AAH \u0158ada AAT \u0158ada AAS \u0158ada AGM Integrovan\u00e9 harmonick\u00e9 pohony poskytuj\u00ed vysok\u00fd to\u010div\u00fd moment a\u017e 800 Nm a vysoce p\u0159esn\u00e9 rota\u010dn\u00ed \u0159\u00edzen\u00ed. D\u00edky integrovan\u00e9 konstrukci, zpracov\u00e1n\u00ed a mont\u00e1\u017en\u00edm technik\u00e1m je navr\u017eena a vyr\u00e1b\u011bna jako kompaktn\u00ed \u0159e\u0161en\u00ed typu &quot;v\u0161e v jednom&quot;: tj. vysoce p\u0159esn\u00e1 harmonick\u00e1 p\u0159evodovka s nulovou v\u016fl\u00ed, integrovan\u00fdm [&hellip;]\" \/>\n<meta property=\"og:url\" content=\"https:\/\/almer.sk\/cs\/rotacni-pohony\/\" \/>\n<meta property=\"og:site_name\" content=\"Almer.sk\" \/>\n<meta property=\"article:modified_time\" content=\"2023-08-31T09:01:53+00:00\" \/>\n<meta name=\"twitter:card\" content=\"summary_large_image\" \/>\n<meta name=\"twitter:label1\" content=\"Odhadovan\u00e1 doba \u010dten\u00ed\" \/>\n\t<meta name=\"twitter:data1\" content=\"3 minuty\" \/>\n<script type=\"application\/ld+json\" class=\"yoast-schema-graph\">{\"@context\":\"https:\/\/schema.org\",\"@graph\":[{\"@type\":\"WebPage\",\"@id\":\"https:\/\/almer.sk\/cs\/rotacni-pohony\/\",\"url\":\"https:\/\/almer.sk\/cs\/rotacni-pohony\/\",\"name\":\"Rota\u010dn\u00ed aktuatory - Almer.sk\",\"isPartOf\":{\"@id\":\"https:\/\/almer.sk\/cs\/#website\"},\"datePublished\":\"2023-06-15T06:52:05+00:00\",\"dateModified\":\"2023-08-31T09:01:53+00:00\",\"breadcrumb\":{\"@id\":\"https:\/\/almer.sk\/cs\/rotacni-pohony\/#breadcrumb\"},\"inLanguage\":\"cs\",\"potentialAction\":[{\"@type\":\"ReadAction\",\"target\":[\"https:\/\/almer.sk\/cs\/rotacni-pohony\/\"]}]},{\"@type\":\"BreadcrumbList\",\"@id\":\"https:\/\/almer.sk\/cs\/rotacni-pohony\/#breadcrumb\",\"itemListElement\":[{\"@type\":\"ListItem\",\"position\":1,\"name\":\"Home\",\"item\":\"https:\/\/almer.sk\/cs\/home\/\"},{\"@type\":\"ListItem\",\"position\":2,\"name\":\"Rota\u010dn\u00ed aktuatory\"}]},{\"@type\":\"WebSite\",\"@id\":\"https:\/\/almer.sk\/cs\/#website\",\"url\":\"https:\/\/almer.sk\/cs\/\",\"name\":\"Almer.sk\",\"description\":\"Technologick\u00fd l\u00edder v oblasti presn\u00fdch prevodoviek\",\"potentialAction\":[{\"@type\":\"SearchAction\",\"target\":{\"@type\":\"EntryPoint\",\"urlTemplate\":\"https:\/\/almer.sk\/cs\/?s={search_term_string}\"},\"query-input\":{\"@type\":\"PropertyValueSpecification\",\"valueRequired\":true,\"valueName\":\"search_term_string\"}}],\"inLanguage\":\"cs\"}]}<\/script>\n<!-- \/ Yoast SEO plugin. -->","yoast_head_json":{"title":"Rota\u010dn\u00ed aktuatory - Almer.sk","robots":{"index":"index","follow":"follow","max-snippet":"max-snippet:-1","max-image-preview":"max-image-preview:large","max-video-preview":"max-video-preview:-1"},"canonical":"https:\/\/almer.sk\/cs\/rotacni-pohony\/","og_locale":"cs_CZ","og_type":"article","og_title":"Rota\u010dn\u00ed aktuatory - Almer.sk","og_description":"&lt; Dom\u016f \/ Aktu\u00e1toryRota\u010dn\u00ed harmonick\u00e9 aktu\u00e1tory\u0158ada AAH \u0158ada AAT \u0158ada AAS \u0158ada AGM Integrovan\u00e9 harmonick\u00e9 pohony poskytuj\u00ed vysok\u00fd to\u010div\u00fd moment a\u017e 800 Nm a vysoce p\u0159esn\u00e9 rota\u010dn\u00ed \u0159\u00edzen\u00ed. D\u00edky integrovan\u00e9 konstrukci, zpracov\u00e1n\u00ed a mont\u00e1\u017en\u00edm technik\u00e1m je navr\u017eena a vyr\u00e1b\u011bna jako kompaktn\u00ed \u0159e\u0161en\u00ed typu \"v\u0161e v jednom\": tj. vysoce p\u0159esn\u00e1 harmonick\u00e1 p\u0159evodovka s nulovou v\u016fl\u00ed, integrovan\u00fdm [&hellip;]","og_url":"https:\/\/almer.sk\/cs\/rotacni-pohony\/","og_site_name":"Almer.sk","article_modified_time":"2023-08-31T09:01:53+00:00","twitter_card":"summary_large_image","twitter_misc":{"Odhadovan\u00e1 doba \u010dten\u00ed":"3 minuty"},"schema":{"@context":"https:\/\/schema.org","@graph":[{"@type":"WebPage","@id":"https:\/\/almer.sk\/cs\/rotacni-pohony\/","url":"https:\/\/almer.sk\/cs\/rotacni-pohony\/","name":"Rota\u010dn\u00ed aktuatory - Almer.sk","isPartOf":{"@id":"https:\/\/almer.sk\/cs\/#website"},"datePublished":"2023-06-15T06:52:05+00:00","dateModified":"2023-08-31T09:01:53+00:00","breadcrumb":{"@id":"https:\/\/almer.sk\/cs\/rotacni-pohony\/#breadcrumb"},"inLanguage":"cs","potentialAction":[{"@type":"ReadAction","target":["https:\/\/almer.sk\/cs\/rotacni-pohony\/"]}]},{"@type":"BreadcrumbList","@id":"https:\/\/almer.sk\/cs\/rotacni-pohony\/#breadcrumb","itemListElement":[{"@type":"ListItem","position":1,"name":"Home","item":"https:\/\/almer.sk\/cs\/home\/"},{"@type":"ListItem","position":2,"name":"Rota\u010dn\u00ed aktuatory"}]},{"@type":"WebSite","@id":"https:\/\/almer.sk\/cs\/#website","url":"https:\/\/almer.sk\/cs\/","name":"Almer.sk","description":"Technologick\u00fd l\u00edder v oblasti presn\u00fdch prevodoviek","potentialAction":[{"@type":"SearchAction","target":{"@type":"EntryPoint","urlTemplate":"https:\/\/almer.sk\/cs\/?s={search_term_string}"},"query-input":{"@type":"PropertyValueSpecification","valueRequired":true,"valueName":"search_term_string"}}],"inLanguage":"cs"}]}},"_links":{"self":[{"href":"https:\/\/almer.sk\/cs\/wp-json\/wp\/v2\/pages\/5583","targetHints":{"allow":["GET"]}}],"collection":[{"href":"https:\/\/almer.sk\/cs\/wp-json\/wp\/v2\/pages"}],"about":[{"href":"https:\/\/almer.sk\/cs\/wp-json\/wp\/v2\/types\/page"}],"author":[{"embeddable":true,"href":"https:\/\/almer.sk\/cs\/wp-json\/wp\/v2\/users\/1"}],"replies":[{"embeddable":true,"href":"https:\/\/almer.sk\/cs\/wp-json\/wp\/v2\/comments?post=5583"}],"version-history":[{"count":6,"href":"https:\/\/almer.sk\/cs\/wp-json\/wp\/v2\/pages\/5583\/revisions"}],"predecessor-version":[{"id":6506,"href":"https:\/\/almer.sk\/cs\/wp-json\/wp\/v2\/pages\/5583\/revisions\/6506"}],"wp:attachment":[{"href":"https:\/\/almer.sk\/cs\/wp-json\/wp\/v2\/media?parent=5583"}],"curies":[{"name":"wp","href":"https:\/\/api.w.org\/{rel}","templated":true}]}}