{"id":5575,"date":"2020-02-17T14:32:49","date_gmt":"2020-02-17T13:32:49","guid":{"rendered":"https:\/\/almer.sk\/o-nas\/"},"modified":"2023-07-28T11:26:09","modified_gmt":"2023-07-28T09:26:09","slug":"o-nas","status":"publish","type":"page","link":"https:\/\/almer.sk\/cs\/o-nas\/","title":{"rendered":"O n\u00e1s"},"content":{"rendered":"<p>[et_pb_section fb_built=&#8220;1&#8243; _builder_version=&#8220;4.16&#8243; global_colors_info=&#8220;{}&#8220;][et_pb_row _builder_version=&#8220;4.16&#8243; global_colors_info=&#8220;{}&#8220;][et_pb_column type=&#8220;4_4&#8243; _builder_version=&#8220;4.16&#8243; global_colors_info=&#8220;{}&#8220;][et_pb_blurb content_max_width=&#8220;1100px&#8220; _builder_version=&#8220;4.21.0&#8243; hover_enabled=&#8220;0&#8243; global_colors_info=&#8220;{}&#8220; sticky_enabled=&#8220;0&#8243;]<\/p>\n<p> <a class=\"bread\" href=\"https:\/\/almer.sk\/cs\/\">&gt; Dom\u016f<\/a> \/ O n\u00e1s<\/p>\n<p>[\/et_pb_blurb][\/et_pb_column][\/et_pb_row][et_pb_row _builder_version=&#8220;4.16&#8243; global_colors_info=&#8220;{}&#8220;][et_pb_column type=&#8220;4_4&#8243; _builder_version=&#8220;4.16&#8243; global_colors_info=&#8220;{}&#8220;][et_pb_blurb _builder_version=&#8220;4.21.0&#8243; body_font=&#8220;|||on|||||&#8220; body_text_align=&#8220;center&#8220; body_text_color=&#8220;#ff0000&#8243; body_font_size=&#8220;30px&#8220; hover_enabled=&#8220;0&#8243; global_colors_info=&#8220;{}&#8220; sticky_enabled=&#8220;0&#8243;]<\/p>\n<h1 style=\"text-align: center;\">O n\u00e1s<\/h1>\n<p>[\/et_pb_blurb][\/et_pb_column][\/et_pb_row][et_pb_row column_structure=&#8220;1_3,1_3,1_3&#8243; _builder_version=&#8220;4.16&#8243; global_colors_info=&#8220;{}&#8220;][et_pb_column type=&#8220;1_3&#8243; _builder_version=&#8220;4.16&#8243; global_colors_info=&#8220;{}&#8220;][et_pb_blurb use_icon=&#8220;on&#8220; font_icon=&#8220;&#xe00a;||divi||400&#8243; image_icon_width=&#8220;50px&#8220; _builder_version=&#8220;4.21.0&#8243; body_font_size=&#8220;15px&#8220; background_color=&#8220;#ffffff&#8220; text_orientation=&#8220;center&#8220; custom_padding=&#8220;40px|20px|40px|20px|false|false&#8220; animation=&#8220;off&#8220; box_shadow_style=&#8220;preset1&#8243; icon_font_size=&#8220;50px&#8220; global_colors_info=&#8220;{}&#8220;]<\/p>\n<p>Jsme specialist\u00e9 na pohonnou techniku, automatizaci a robotiku.<\/p>\n<p>[\/et_pb_blurb][\/et_pb_column][et_pb_column type=&#8220;1_3&#8243; _builder_version=&#8220;4.16&#8243; global_colors_info=&#8220;{}&#8220;][et_pb_blurb use_icon=&#8220;on&#8220; font_icon=&#8220;&#xe035;||divi||400&#8243; image_icon_width=&#8220;50px&#8220; _builder_version=&#8220;4.21.0&#8243; body_font_size=&#8220;15px&#8220; background_color=&#8220;#ffffff&#8220; text_orientation=&#8220;center&#8220; custom_padding=&#8220;40px|20px|40px|20px|false|false&#8220; animation=&#8220;off&#8220; box_shadow_style=&#8220;preset1&#8243; icon_font_size=&#8220;50px&#8220; global_colors_info=&#8220;{}&#8220;]<\/p>\n<p>Na\u0161e nab\u00eddka zahrnuje tak\u00e9 mo\u017enosti konstrukce a v\u00fdroby od jednotliv\u00fdch komponent\u016f a\u017e po kompletn\u00ed stroje pro manipulaci, automatizaci a mont\u00e1\u017e.<\/p>\n<p>[\/et_pb_blurb][\/et_pb_column][et_pb_column type=&#8220;1_3&#8243; _builder_version=&#8220;4.16&#8243; global_colors_info=&#8220;{}&#8220;][et_pb_blurb use_icon=&#8220;on&#8220; font_icon=&#8220;&#xe038;||divi||400&#8243; image_icon_width=&#8220;50px&#8220; _builder_version=&#8220;4.21.0&#8243; body_font_size=&#8220;15px&#8220; background_color=&#8220;#ffffff&#8220; text_orientation=&#8220;center&#8220; custom_padding=&#8220;40px|20px|40px|20px|false|false&#8220; animation=&#8220;off&#8220; box_shadow_style=&#8220;preset1&#8243; icon_font_size=&#8220;50px&#8220; global_colors_info=&#8220;{}&#8220;]<\/p>\n<p>Dod\u00e1v\u00e1me vysoce p\u0159esn\u00e9 harmonick\u00e9 p\u0159evodovky, planetov\u00e9 p\u0159evodovky; rota\u010dn\u00ed pohony, 4. a 5. os\u00e9 CNC oto\u010dn\u00e9 stoly, integrovan\u00e9 adaptivn\u00ed brusn\u00e9 v\u00fdrobky, 5os\u00fd rota\u010dn\u00ed vodn\u00ed paprsek.<\/p>\n<p>[\/et_pb_blurb][\/et_pb_column][\/et_pb_row][et_pb_row column_structure=&#8220;1_2,1_2&#8243; _builder_version=&#8220;4.16&#8243; global_colors_info=&#8220;{}&#8220;][et_pb_column type=&#8220;1_2&#8243; _builder_version=&#8220;4.16&#8243; global_colors_info=&#8220;{}&#8220;][et_pb_blurb use_icon=&#8220;on&#8220; font_icon=&#8220;&#xe08b;||divi||400&#8243; image_icon_width=&#8220;50px&#8220; _builder_version=&#8220;4.21.0&#8243; body_font_size=&#8220;15px&#8220; background_color=&#8220;#ffffff&#8220; text_orientation=&#8220;center&#8220; custom_padding=&#8220;40px|20px|40px|20px|false|false&#8220; animation=&#8220;off&#8220; box_shadow_style=&#8220;preset1&#8243; icon_font_size=&#8220;50px&#8220; global_colors_info=&#8220;{}&#8220;]<\/p>\n<p>Jsme v\u00edc ne\u017e jen obchodn\u00ed spole\u010dnost, na\u0161i specialist\u00e9 p\u0159in\u00e1\u0161ej\u00ed do z\u00e1kaznick\u00fdch aplikac\u00ed sv\u00e9 zku\u0161enosti a vhled do okoln\u00edch technologi\u00ed. Nab\u00edz\u00edme odborn\u00e9 poradenstv\u00ed p\u0159i v\u00fdb\u011bru produkt\u016f, v\u010detn\u011b mo\u017enosti navrhnout komplexn\u00ed \u0159e\u0161en\u00ed pro z\u00e1kaznickou aplikaci.<\/p>\n<p>[\/et_pb_blurb][\/et_pb_column][et_pb_column type=&#8220;1_2&#8243; _builder_version=&#8220;4.16&#8243; global_colors_info=&#8220;{}&#8220;][et_pb_blurb use_icon=&#8220;on&#8220; font_icon=&#8220;&#xe0e9;||divi||400&#8243; image_icon_width=&#8220;50px&#8220; _builder_version=&#8220;4.21.0&#8243; body_font_size=&#8220;15px&#8220; background_color=&#8220;#ffffff&#8220; text_orientation=&#8220;center&#8220; custom_padding=&#8220;40px|20px|40px|20px|false|false&#8220; animation=&#8220;off&#8220; box_shadow_style=&#8220;preset1&#8243; icon_font_size=&#8220;50px&#8220; global_colors_info=&#8220;{}&#8220;]<\/p>\n<p>V roce 2019 jsme zah\u00e1jili spolupr\u00e1ci se spole\u010dnost\u00ed Leader Harmonious Drive System Co., Ltd. Je to high-tech spole\u010dnost specializuj\u00edc\u00ed se na v\u00fdvoj, v\u00fdrobu a prodej vlnov\u011b harmonick\u00fdch reduktor\u016f nejvy\u0161\u0161\u00ed sv\u011btov\u00e9 technick\u00e9 \u00farovn\u011b a kvality od r. 2003.<\/p>\n<p>[\/et_pb_blurb][\/et_pb_column][\/et_pb_row][et_pb_row _builder_version=&#8220;4.16&#8243; global_colors_info=&#8220;{}&#8220;][et_pb_column type=&#8220;4_4&#8243; _builder_version=&#8220;4.16&#8243; global_colors_info=&#8220;{}&#8220;][et_pb_blurb use_icon=&#8220;on&#8220; font_icon=&#8220;&#xe0e3;||divi||400&#8243; image_icon_width=&#8220;50px&#8220; content_max_width=&#8220;1100px&#8220; _builder_version=&#8220;4.21.0&#8243; body_font_size=&#8220;15px&#8220; background_color=&#8220;#ffffff&#8220; text_orientation=&#8220;center&#8220; custom_padding=&#8220;40px|20px|40px|20px|false|false&#8220; animation=&#8220;off&#8220; box_shadow_style=&#8220;preset1&#8243; icon_font_size=&#8220;50px&#8220; global_colors_info=&#8220;{}&#8220;]<\/p>\n<p>Spole\u010dnosti Almer a Leader Drive tvo\u0159\u00ed dokonalou souhru, kter\u00e1 p\u0159in\u00e1\u0161\u00ed vysoce kvalitn\u00ed produkt.<br \/>z\u00e1kazn\u00edk\u016fm flexibilitu p\u0159i navrhov\u00e1n\u00ed, konstruk\u010dn\u00ed \u0159e\u0161en\u00ed na m\u00edru,<br \/>s\u00e9riov\u00e9 mno\u017estv\u00ed v dob\u011b p\u0159\u00edpravy a p\u0159\u00edstup &#8222;design-to-cost&#8220;.<\/p>\n<p>[\/et_pb_blurb][\/et_pb_column][\/et_pb_row][et_pb_row _builder_version=&#8220;4.16&#8243; global_colors_info=&#8220;{}&#8220;][et_pb_column type=&#8220;4_4&#8243; _builder_version=&#8220;4.16&#8243; global_colors_info=&#8220;{}&#8220;][et_pb_blurb title=&#8220;Z\u00e1kladn\u00ed \u00fadaje o spole\u010dnosti&#8220; content_max_width=&#8220;1100px&#8220; _builder_version=&#8220;4.21.0&#8243; header_level=&#8220;h3&#8243; header_font=&#8220;|300|||||||&#8220; header_text_align=&#8220;center&#8220; header_font_size=&#8220;28px&#8220; custom_margin=&#8220;25px||||false|false&#8220; global_colors_info=&#8220;{}&#8220;]<\/p>\n<p style=\"text-align: center;\">Jsme specialist\u00e9 na pohonnou techniku, automatizaci a robotiku.<\/p>\n<p style=\"text-align: center;\"><strong>Obchodn\u00ed n\u00e1zev<\/strong>: Almer, s.r.o.<\/p>\n<p style=\"text-align: center;\"><strong>Rok zalo\u017een\u00ed<\/strong>: 2009<\/p>\n<p style=\"text-align: center;\"><strong>Pr\u00e1vn\u00ed forma<\/strong>: spole\u010dnost s ru\u010den\u00edm omezen\u00fdm<\/p>\n<p style=\"text-align: center;\"><strong>S\u00eddlo spole\u010dnosti<\/strong>: Almer, s.r.o., Z\u00e1hradn\u00e1 4012\/19, Pre\u0161ov 080 01.<\/p>\n<p style=\"text-align: center;\"><strong>ID<\/strong>: 44 907 427<\/p>\n<p style=\"text-align: center;\"><strong>DPH<\/strong>: SK 2022 868 221<\/p>\n<p style=\"text-align: center;\"><strong>Rejst\u0159\u00edk<\/strong>: Okresn\u00ed soud Pre\u0161ov, \u010d\u00edslo vlo\u017eky: 21955 \/ P<\/p>\n<p>[\/et_pb_blurb][\/et_pb_column][\/et_pb_row][\/et_pb_section]<\/p>\n","protected":false},"excerpt":{"rendered":"<p>&gt; Dom\u016f \/ O n\u00e1sO n\u00e1sJsme specialist\u00e9 na pohonnou techniku, automatizaci a robotiku.Na\u0161e nab\u00eddka zahrnuje tak\u00e9 mo\u017enosti konstrukce a v\u00fdroby od jednotliv\u00fdch komponent\u016f a\u017e po kompletn\u00ed stroje pro manipulaci, automatizaci a mont\u00e1\u017e.Dod\u00e1v\u00e1me vysoce p\u0159esn\u00e9 harmonick\u00e9 p\u0159evodovky, planetov\u00e9 p\u0159evodovky; rota\u010dn\u00ed pohony, 4. a 5. os\u00e9 CNC oto\u010dn\u00e9 stoly, integrovan\u00e9 adaptivn\u00ed brusn\u00e9 v\u00fdrobky, 5os\u00fd rota\u010dn\u00ed vodn\u00ed paprsek.Jsme [&hellip;]<\/p>\n","protected":false},"author":1,"featured_media":0,"parent":0,"menu_order":0,"comment_status":"closed","ping_status":"closed","template":"","meta":{"_et_pb_use_builder":"on","_et_pb_old_content":"","_et_gb_content_width":"","footnotes":""},"class_list":["post-5575","page","type-page","status-publish","hentry"],"yoast_head":"<!-- This site is optimized with the Yoast SEO plugin v26.6 - https:\/\/yoast.com\/wordpress\/plugins\/seo\/ -->\n<title>O n\u00e1s - Almer.sk<\/title>\n<meta name=\"robots\" content=\"index, follow, max-snippet:-1, max-image-preview:large, max-video-preview:-1\" \/>\n<link rel=\"canonical\" href=\"https:\/\/almer.sk\/cs\/o-nas\/\" \/>\n<meta property=\"og:locale\" content=\"cs_CZ\" \/>\n<meta property=\"og:type\" content=\"article\" \/>\n<meta property=\"og:title\" content=\"O n\u00e1s - Almer.sk\" \/>\n<meta property=\"og:description\" content=\"&gt; Dom\u016f \/ O n\u00e1sO n\u00e1sJsme specialist\u00e9 na pohonnou techniku, automatizaci a robotiku.Na\u0161e nab\u00eddka zahrnuje tak\u00e9 mo\u017enosti konstrukce a v\u00fdroby od jednotliv\u00fdch komponent\u016f a\u017e po kompletn\u00ed stroje pro manipulaci, automatizaci a mont\u00e1\u017e.Dod\u00e1v\u00e1me vysoce p\u0159esn\u00e9 harmonick\u00e9 p\u0159evodovky, planetov\u00e9 p\u0159evodovky; rota\u010dn\u00ed pohony, 4. a 5. os\u00e9 CNC oto\u010dn\u00e9 stoly, integrovan\u00e9 adaptivn\u00ed brusn\u00e9 v\u00fdrobky, 5os\u00fd rota\u010dn\u00ed vodn\u00ed paprsek.Jsme [&hellip;]\" \/>\n<meta property=\"og:url\" content=\"https:\/\/almer.sk\/cs\/o-nas\/\" \/>\n<meta property=\"og:site_name\" content=\"Almer.sk\" \/>\n<meta property=\"article:modified_time\" content=\"2023-07-28T09:26:09+00:00\" \/>\n<meta name=\"twitter:card\" content=\"summary_large_image\" \/>\n<meta name=\"twitter:label1\" content=\"Odhadovan\u00e1 doba \u010dten\u00ed\" \/>\n\t<meta name=\"twitter:data1\" content=\"4 minuty\" \/>\n<script type=\"application\/ld+json\" class=\"yoast-schema-graph\">{\"@context\":\"https:\/\/schema.org\",\"@graph\":[{\"@type\":\"WebPage\",\"@id\":\"https:\/\/almer.sk\/cs\/o-nas\/\",\"url\":\"https:\/\/almer.sk\/cs\/o-nas\/\",\"name\":\"O n\u00e1s - Almer.sk\",\"isPartOf\":{\"@id\":\"https:\/\/almer.sk\/cs\/#website\"},\"datePublished\":\"2020-02-17T13:32:49+00:00\",\"dateModified\":\"2023-07-28T09:26:09+00:00\",\"breadcrumb\":{\"@id\":\"https:\/\/almer.sk\/cs\/o-nas\/#breadcrumb\"},\"inLanguage\":\"cs\",\"potentialAction\":[{\"@type\":\"ReadAction\",\"target\":[\"https:\/\/almer.sk\/cs\/o-nas\/\"]}]},{\"@type\":\"BreadcrumbList\",\"@id\":\"https:\/\/almer.sk\/cs\/o-nas\/#breadcrumb\",\"itemListElement\":[{\"@type\":\"ListItem\",\"position\":1,\"name\":\"Home\",\"item\":\"https:\/\/almer.sk\/cs\/home\/\"},{\"@type\":\"ListItem\",\"position\":2,\"name\":\"O n\u00e1s\"}]},{\"@type\":\"WebSite\",\"@id\":\"https:\/\/almer.sk\/cs\/#website\",\"url\":\"https:\/\/almer.sk\/cs\/\",\"name\":\"Almer.sk\",\"description\":\"Technologick\u00fd l\u00edder v oblasti presn\u00fdch prevodoviek\",\"potentialAction\":[{\"@type\":\"SearchAction\",\"target\":{\"@type\":\"EntryPoint\",\"urlTemplate\":\"https:\/\/almer.sk\/cs\/?s={search_term_string}\"},\"query-input\":{\"@type\":\"PropertyValueSpecification\",\"valueRequired\":true,\"valueName\":\"search_term_string\"}}],\"inLanguage\":\"cs\"}]}<\/script>\n<!-- \/ Yoast SEO plugin. -->","yoast_head_json":{"title":"O n\u00e1s - Almer.sk","robots":{"index":"index","follow":"follow","max-snippet":"max-snippet:-1","max-image-preview":"max-image-preview:large","max-video-preview":"max-video-preview:-1"},"canonical":"https:\/\/almer.sk\/cs\/o-nas\/","og_locale":"cs_CZ","og_type":"article","og_title":"O n\u00e1s - Almer.sk","og_description":"&gt; Dom\u016f \/ O n\u00e1sO n\u00e1sJsme specialist\u00e9 na pohonnou techniku, automatizaci a robotiku.Na\u0161e nab\u00eddka zahrnuje tak\u00e9 mo\u017enosti konstrukce a v\u00fdroby od jednotliv\u00fdch komponent\u016f a\u017e po kompletn\u00ed stroje pro manipulaci, automatizaci a mont\u00e1\u017e.Dod\u00e1v\u00e1me vysoce p\u0159esn\u00e9 harmonick\u00e9 p\u0159evodovky, planetov\u00e9 p\u0159evodovky; rota\u010dn\u00ed pohony, 4. a 5. os\u00e9 CNC oto\u010dn\u00e9 stoly, integrovan\u00e9 adaptivn\u00ed brusn\u00e9 v\u00fdrobky, 5os\u00fd rota\u010dn\u00ed vodn\u00ed paprsek.Jsme [&hellip;]","og_url":"https:\/\/almer.sk\/cs\/o-nas\/","og_site_name":"Almer.sk","article_modified_time":"2023-07-28T09:26:09+00:00","twitter_card":"summary_large_image","twitter_misc":{"Odhadovan\u00e1 doba \u010dten\u00ed":"4 minuty"},"schema":{"@context":"https:\/\/schema.org","@graph":[{"@type":"WebPage","@id":"https:\/\/almer.sk\/cs\/o-nas\/","url":"https:\/\/almer.sk\/cs\/o-nas\/","name":"O n\u00e1s - Almer.sk","isPartOf":{"@id":"https:\/\/almer.sk\/cs\/#website"},"datePublished":"2020-02-17T13:32:49+00:00","dateModified":"2023-07-28T09:26:09+00:00","breadcrumb":{"@id":"https:\/\/almer.sk\/cs\/o-nas\/#breadcrumb"},"inLanguage":"cs","potentialAction":[{"@type":"ReadAction","target":["https:\/\/almer.sk\/cs\/o-nas\/"]}]},{"@type":"BreadcrumbList","@id":"https:\/\/almer.sk\/cs\/o-nas\/#breadcrumb","itemListElement":[{"@type":"ListItem","position":1,"name":"Home","item":"https:\/\/almer.sk\/cs\/home\/"},{"@type":"ListItem","position":2,"name":"O n\u00e1s"}]},{"@type":"WebSite","@id":"https:\/\/almer.sk\/cs\/#website","url":"https:\/\/almer.sk\/cs\/","name":"Almer.sk","description":"Technologick\u00fd l\u00edder v oblasti presn\u00fdch prevodoviek","potentialAction":[{"@type":"SearchAction","target":{"@type":"EntryPoint","urlTemplate":"https:\/\/almer.sk\/cs\/?s={search_term_string}"},"query-input":{"@type":"PropertyValueSpecification","valueRequired":true,"valueName":"search_term_string"}}],"inLanguage":"cs"}]}},"_links":{"self":[{"href":"https:\/\/almer.sk\/cs\/wp-json\/wp\/v2\/pages\/5575","targetHints":{"allow":["GET"]}}],"collection":[{"href":"https:\/\/almer.sk\/cs\/wp-json\/wp\/v2\/pages"}],"about":[{"href":"https:\/\/almer.sk\/cs\/wp-json\/wp\/v2\/types\/page"}],"author":[{"embeddable":true,"href":"https:\/\/almer.sk\/cs\/wp-json\/wp\/v2\/users\/1"}],"replies":[{"embeddable":true,"href":"https:\/\/almer.sk\/cs\/wp-json\/wp\/v2\/comments?post=5575"}],"version-history":[{"count":6,"href":"https:\/\/almer.sk\/cs\/wp-json\/wp\/v2\/pages\/5575\/revisions"}],"predecessor-version":[{"id":5725,"href":"https:\/\/almer.sk\/cs\/wp-json\/wp\/v2\/pages\/5575\/revisions\/5725"}],"wp:attachment":[{"href":"https:\/\/almer.sk\/cs\/wp-json\/wp\/v2\/media?parent=5575"}],"curies":[{"name":"wp","href":"https:\/\/api.w.org\/{rel}","templated":true}]}}