{"id":5557,"date":"2020-02-17T14:11:13","date_gmt":"2020-02-17T13:11:13","guid":{"rendered":"https:\/\/almer.sk\/home\/"},"modified":"2023-08-31T10:54:36","modified_gmt":"2023-08-31T08:54:36","slug":"home","status":"publish","type":"page","link":"https:\/\/almer.sk\/cs\/","title":{"rendered":"Home"},"content":{"rendered":"<p>[et_pb_section fb_built=&#8220;1&#8243; fullwidth=&#8220;on&#8220; disabled_on=&#8220;off|off|off&#8220; _builder_version=&#8220;4.21.0&#8243; _module_preset=&#8220;default&#8220; border_width_top=&#8220;5px&#8220; border_color_top=&#8220;#FF0000&#8243; border_width_bottom=&#8220;5px&#8220; border_color_bottom=&#8220;#FF0000&#8243; global_colors_info=&#8220;{}&#8220;][et_pb_fullwidth_slider _builder_version=&#8220;4.21.0&#8243; _module_preset=&#8220;default&#8220; content_width=&#8220;65%&#8220; max_height=&#8220;500px&#8220; custom_margin_tablet=&#8220;&#8220; custom_margin_phone=&#8220;||0px||false|false&#8220; custom_margin_last_edited=&#8220;on|phone&#8220; global_colors_info=&#8220;{}&#8220;][et_pb_slide heading=&#8220;P\u0159edstavujeme sv\u011btovou technologickou \u0161pi\u010dku v oblasti p\u0159esn\u00fdch p\u0159evodovek&#8220; use_bg_overlay=&#8220;off&#8220; use_text_overlay=&#8220;on&#8220; _builder_version=&#8220;4.21.0&#8243; _module_preset=&#8220;default&#8220; header_font_size=&#8220;35px&#8220; background_image=&#8220;https:\/\/almer.sk\/wp-content\/uploads\/2020\/02\/slider1.jpg&#8220; background_enable_image=&#8220;on&#8220; width=&#8220;100%&#8220; max_width=&#8220;100%&#8220; header_text_color_tablet=&#8220;&#8220; header_text_color_phone=&#8220;&#8220; header_text_color_last_edited=&#8220;on|phone&#8220; header_font_size_tablet=&#8220;35px&#8220; header_font_size_phone=&#8220;22px&#8220; header_font_size_last_edited=&#8220;on|phone&#8220; background_last_edited=&#8220;on|desktop&#8220; background_enable_color_phone=&#8220;off&#8220; background_image_phone=&#8220;https:\/\/almer.sk\/wp-content\/uploads\/2020\/04\/slider1-mobile.jpg&#8220; background_enable_image_phone=&#8220;on&#8220; global_colors_info=&#8220;{}&#8220; sticky_transition=&#8220;on&#8220;][\/et_pb_slide][et_pb_slide heading=&#8220;Nov\u00e1 generace reduk\u010dn\u00edch p\u0159evodovek &#8211; model Y&#8220; use_text_overlay=&#8220;on&#8220; _builder_version=&#8220;4.21.0&#8243; _module_preset=&#8220;default&#8220; background_enable_color=&#8220;off&#8220; background_image=&#8220;https:\/\/almer.sk\/wp-content\/uploads\/2020\/03\/slider-2-new.jpg&#8220; background_enable_image=&#8220;on&#8220; width=&#8220;100%&#8220; max_width=&#8220;100%&#8220; background_last_edited=&#8220;on|phone&#8220; background_image_phone=&#8220;https:\/\/almer.sk\/wp-content\/uploads\/2020\/04\/slider-2-mobile.jpg&#8220; background_enable_image_phone=&#8220;on&#8220; global_colors_info=&#8220;{}&#8220; sticky_transition=&#8220;on&#8220;]<\/p>\n<p>Prvn\u00ed harmonick\u00fd reduktor na sv\u011bt\u011b, kter\u00fd dosahuje p\u0159esnosti p\u0159enosu a\u017e 10 \u00fahlov\u00fdch vte\u0159in<\/p>\n<p>\u017divotnost modelu Y prodlou\u017eena na v\u00edce ne\u017e 20 000 hodin<\/p>\n<p>[\/et_pb_slide][et_pb_slide use_bg_overlay=&#8220;off&#8220; use_text_overlay=&#8220;on&#8220; text_overlay_color=&#8220;#000000&#8243; text_overlay_color_tablet=&#8220;#000000&#8243; text_overlay_color_phone=&#8220;rgba(10,10,10,0.54)&#8220; text_overlay_color_last_edited=&#8220;on|phone&#8220; _builder_version=&#8220;4.21.0&#8243; _module_preset=&#8220;default&#8220; body_font_size=&#8220;20px&#8220; background_enable_color=&#8220;off&#8220; background_image=&#8220;https:\/\/almer.sk\/wp-content\/uploads\/2020\/03\/gears.jpg&#8220; background_enable_image=&#8220;on&#8220; width=&#8220;100%&#8220; max_width=&#8220;100%&#8220; global_colors_info=&#8220;{}&#8220; sticky_transition=&#8220;on&#8220;]<\/p>\n<p style=\"font-weight: 400;\">Technick\u00e9 in\u017een\u00fdrstv\u00ed a podpora<\/p>\n<p style=\"font-weight: 400;\">V\u00fdzkum a v\u00fdvoj<\/p>\n<p style=\"font-weight: 400;\">P\u0159izp\u016fsoben\u00ed produktu<\/p>\n<p style=\"font-weight: 400;\">Nejlep\u0161\u00ed dodac\u00ed lh\u016fty<\/p>\n<p style=\"font-weight: 400;\">Komplexn\u00ed \u0159e\u0161en\u00ed rota\u010dn\u00edch pohyb\u016f<\/p>\n<p>[\/et_pb_slide][\/et_pb_fullwidth_slider][\/et_pb_section][et_pb_section fb_built=&#8220;1&#8243; disabled_on=&#8220;off|off|off&#8220; _builder_version=&#8220;4.21.0&#8243; global_colors_info=&#8220;{}&#8220;][et_pb_row column_structure=&#8220;1_3,1_3,1_3&#8243; use_custom_gutter=&#8220;on&#8220; gutter_width=&#8220;2&#8243; _builder_version=&#8220;4.21.0&#8243; global_colors_info=&#8220;{}&#8220;][et_pb_column type=&#8220;1_3&#8243; _builder_version=&#8220;4.16&#8243; global_colors_info=&#8220;{}&#8220;][et_pb_blurb title=&#8220;Harmonick\u00e9 p\u0159evodovky&#8220; url=&#8220;https:\/\/almer.sk\/cs\/harmonicke-prevodovky\/&#8220; admin_label=&#8220;Blurb&#8220; _builder_version=&#8220;4.21.0&#8243; _module_preset=&#8220;default&#8220; header_font=&#8220;|||on|||||&#8220; header_text_align=&#8220;center&#8220; header_text_color=&#8220;#000000&#8243; global_colors_info=&#8220;{}&#8220;][\/et_pb_blurb][et_pb_blurb url=&#8220;https:\/\/almer.sk\/cs\/harmonicke-prevodovky\/&#8220; image=&#8220;https:\/\/almer.sk\/wp-content\/uploads\/2023\/06\/Slide-New-Gener.png&#8220; image_icon_width=&#8220;80%&#8220; _builder_version=&#8220;4.21.0&#8243; header_font=&#8220;|||on|||||&#8220; header_text_color=&#8220;#ff0000&#8243; header_font_size=&#8220;16px&#8220; text_orientation=&#8220;center&#8220; animation=&#8220;off&#8220; link_option_url=&#8220;https:\/\/almer.sk\/strain-wave-gears\/&#8220; global_colors_info=&#8220;{}&#8220;][\/et_pb_blurb][\/et_pb_column][et_pb_column type=&#8220;1_3&#8243; _builder_version=&#8220;4.16&#8243; global_colors_info=&#8220;{}&#8220;][et_pb_blurb title=&#8220;CNC oto\u010dn\u00e9 stoly&#8220; url=&#8220;https:\/\/almer.sk\/cs\/cnc-otocne-stoly\/&#8220; _builder_version=&#8220;4.21.0&#8243; _module_preset=&#8220;default&#8220; header_font=&#8220;|||on|||||&#8220; header_text_align=&#8220;center&#8220; header_text_color=&#8220;#000000&#8243; global_colors_info=&#8220;{}&#8220;][\/et_pb_blurb][et_pb_blurb url=&#8220;https:\/\/almer.sk\/cs\/cnc-otocne-stoly\/&#8220; image=&#8220;https:\/\/almer.sk\/wp-content\/uploads\/2023\/06\/Kfr-320-5th-axis.png&#8220; image_icon_width=&#8220;90%&#8220; _builder_version=&#8220;4.21.0&#8243; header_font=&#8220;|||on|||||&#8220; header_text_color=&#8220;#ff0000&#8243; header_font_size=&#8220;16px&#8220; text_orientation=&#8220;center&#8220; animation=&#8220;off&#8220; link_option_url=&#8220;https:\/\/almer.sk\/cs\/cnc-otocne-stoly\/&#8220; global_colors_info=&#8220;{}&#8220;][\/et_pb_blurb][\/et_pb_column][et_pb_column type=&#8220;1_3&#8243; _builder_version=&#8220;4.16&#8243; global_colors_info=&#8220;{}&#8220;][et_pb_blurb title=&#8220;Rota\u010dn\u00ed aktuatory&#8220; url=&#8220;https:\/\/almer.sk\/cs\/rotacni-pohony\/&#8220; _builder_version=&#8220;4.21.0&#8243; _module_preset=&#8220;default&#8220; header_font=&#8220;|||on|||||&#8220; header_text_align=&#8220;center&#8220; header_text_color=&#8220;#000000&#8243; link_option_url=&#8220;https:\/\/almer.sk\/cs\/rotacni-pohony\/&#8220; global_colors_info=&#8220;{}&#8220;][\/et_pb_blurb][et_pb_blurb url=&#8220;https:\/\/almer.sk\/cs\/rotacni-pohony\/&#8220; image=&#8220;https:\/\/almer.sk\/wp-content\/uploads\/2023\/06\/actuator-AAT.gif&#8220; image_icon_width=&#8220;80%&#8220; _builder_version=&#8220;4.21.0&#8243; header_font=&#8220;|||on|||||&#8220; header_text_color=&#8220;#ff0000&#8243; header_font_size=&#8220;16px&#8220; text_orientation=&#8220;center&#8220; animation=&#8220;off&#8220; link_option_url=&#8220;https:\/\/almer.sk\/cs\/rotacni-pohony\/&#8220; global_colors_info=&#8220;{}&#8220;][\/et_pb_blurb][\/et_pb_column][\/et_pb_row][et_pb_row column_structure=&#8220;1_3,1_3,1_3&#8243; use_custom_gutter=&#8220;on&#8220; gutter_width=&#8220;2&#8243; make_equal=&#8220;on&#8220; _builder_version=&#8220;4.21.0&#8243; global_colors_info=&#8220;{}&#8220;][et_pb_column type=&#8220;1_3&#8243; _builder_version=&#8220;4.16&#8243; global_colors_info=&#8220;{}&#8220;][et_pb_blurb title=&#8220;Planetov\u00e9 p\u0159evodovky&#8220; url=&#8220;https:\/\/almer.sk\/cs\/planetove-prevodovky\/&#8220; admin_label=&#8220;Blurb&#8220; _builder_version=&#8220;4.21.0&#8243; _module_preset=&#8220;default&#8220; header_font=&#8220;|||on|||||&#8220; header_text_align=&#8220;center&#8220; header_text_color=&#8220;#000000&#8243; link_option_url=&#8220;https:\/\/almer.sk\/cs\/planetove-prevodovky\/&#8220; global_colors_info=&#8220;{}&#8220;][\/et_pb_blurb][et_pb_blurb url=&#8220;https:\/\/almer.sk\/cs\/planetove-prevodovky\/&#8220; image=&#8220;https:\/\/almer.sk\/wp-content\/uploads\/2023\/06\/Priame-prevodovky-e1686811016163.png&#8220; alt=&#8220;P\u0159\u00edm\u00e9 p\u0159evodovky&#8220; image_icon_width=&#8220;80%&#8220; _builder_version=&#8220;4.21.0&#8243; header_font=&#8220;|||on|||||&#8220; header_text_color=&#8220;#ff0000&#8243; header_font_size=&#8220;16px&#8220; text_orientation=&#8220;center&#8220; width=&#8220;100%&#8220; max_width=&#8220;100%&#8220; module_alignment=&#8220;center&#8220; animation=&#8220;off&#8220; link_option_url=&#8220;https:\/\/almer.sk\/cs\/planetove-prevodovky\/&#8220; global_colors_info=&#8220;{}&#8220;][\/et_pb_blurb][\/et_pb_column][et_pb_column type=&#8220;1_3&#8243; _builder_version=&#8220;4.16&#8243; global_colors_info=&#8220;{}&#8220;][et_pb_blurb title=&#8220;Motory&#8220; url=&#8220;https:\/\/almer.sk\/cs\/motory\/&#8220; _builder_version=&#8220;4.21.0&#8243; _module_preset=&#8220;default&#8220; header_font=&#8220;|||on|||||&#8220; header_text_align=&#8220;center&#8220; header_text_color=&#8220;#000000&#8243; link_option_url=&#8220;https:\/\/almer.sk\/cs\/motory\/&#8220; global_colors_info=&#8220;{}&#8220;][\/et_pb_blurb][et_pb_blurb url=&#8220;https:\/\/almer.sk\/cs\/motory\/&#8220; image=&#8220;https:\/\/almer.sk\/wp-content\/uploads\/2023\/06\/Motory.png&#8220; image_icon_width=&#8220;79%&#8220; _builder_version=&#8220;4.21.0&#8243; header_font=&#8220;|||on|||||&#8220; header_text_color=&#8220;#ff0000&#8243; header_font_size=&#8220;16px&#8220; text_orientation=&#8220;center&#8220; animation=&#8220;off&#8220; link_option_url=&#8220;https:\/\/almer.sk\/cs\/motory\/&#8220; global_colors_info=&#8220;{}&#8220;][\/et_pb_blurb][\/et_pb_column][et_pb_column type=&#8220;1_3&#8243; _builder_version=&#8220;4.16&#8243; global_colors_info=&#8220;{}&#8220;][et_pb_blurb title=&#8220;Integrovan\u00e9 produkty&#8220; url=&#8220;https:\/\/almer.sk\/cs\/integrovane-produkty\/&#8220; _builder_version=&#8220;4.21.0&#8243; _module_preset=&#8220;default&#8220; header_font=&#8220;|||on|||||&#8220; header_text_align=&#8220;center&#8220; header_text_color=&#8220;#000000&#8243; link_option_url=&#8220;https:\/\/almer.sk\/cs\/integrovane-produkty\/&#8220; global_colors_info=&#8220;{}&#8220;][\/et_pb_blurb][et_pb_blurb url=&#8220;https:\/\/almer.sk\/cs\/integrovane-produkty\/&#8220; image=&#8220;https:\/\/almer.sk\/wp-content\/uploads\/2023\/07\/5-osovy-vodnolucovy-rotator-AC.png&#8220; alt=&#8220;5os\u00fd rot\u00e1tor pro vodn\u00ed paprsek &#8211; AC&#8220; image_icon_width=&#8220;79%&#8220; _builder_version=&#8220;4.21.0&#8243; header_font=&#8220;|||on|||||&#8220; header_text_color=&#8220;#ff0000&#8243; header_font_size=&#8220;16px&#8220; text_orientation=&#8220;center&#8220; animation=&#8220;off&#8220; link_option_url=&#8220;https:\/\/almer.sk\/cs\/integrovane-produkty\/&#8220; global_colors_info=&#8220;{}&#8220;][\/et_pb_blurb][\/et_pb_column][\/et_pb_row][\/et_pb_section][et_pb_section fb_built=&#8220;1&#8243; _builder_version=&#8220;4.21.0&#8243; _module_preset=&#8220;default&#8220; custom_margin=&#8220;||||false|false&#8220; custom_padding=&#8220;0px||0px||false|false&#8220; border_width_top=&#8220;5px&#8220; border_color_top=&#8220;#FF0000&#8243; border_width_bottom=&#8220;5px&#8220; border_color_bottom=&#8220;#FF0000&#8243; global_colors_info=&#8220;{}&#8220;][et_pb_row column_structure=&#8220;1_3,1_3,1_3&#8243; _builder_version=&#8220;4.21.0&#8243; _module_preset=&#8220;default&#8220; background_image=&#8220;https:\/\/almer.sk\/wp-content\/uploads\/2020\/02\/gears-1.jpg&#8220; parallax=&#8220;on&#8220; width=&#8220;100%&#8220; max_width=&#8220;2560px&#8220; global_colors_info=&#8220;{}&#8220;][et_pb_column type=&#8220;1_3&#8243; _builder_version=&#8220;4.21.0&#8243; _module_preset=&#8220;default&#8220; global_colors_info=&#8220;{}&#8220;][et_pb_number_counter title=&#8220;spokojenost z\u00e1kazn\u00edk\u016f&#8220; number=&#8220;100&#8243; _builder_version=&#8220;4.21.0&#8243; _module_preset=&#8220;default&#8220; title_text_color=&#8220;#FFFFFF&#8220; number_text_color=&#8220;#FFFFFF&#8220; global_colors_info=&#8220;{}&#8220;][\/et_pb_number_counter][\/et_pb_column][et_pb_column type=&#8220;1_3&#8243; _builder_version=&#8220;4.21.0&#8243; _module_preset=&#8220;default&#8220; global_colors_info=&#8220;{}&#8220;][et_pb_number_counter title=&#8220;roky zku\u0161enost\u00ed&#8220; number=&#8220;15&#8243; percent_sign=&#8220;off&#8220; _builder_version=&#8220;4.21.0&#8243; _module_preset=&#8220;default&#8220; title_text_color=&#8220;#FFFFFF&#8220; number_text_color=&#8220;#FFFFFF&#8220; global_colors_info=&#8220;{}&#8220;][\/et_pb_number_counter][\/et_pb_column][et_pb_column type=&#8220;1_3&#8243; _builder_version=&#8220;4.21.0&#8243; _module_preset=&#8220;default&#8220; global_colors_info=&#8220;{}&#8220;][et_pb_number_counter title=&#8220;produkty skladem&#8220; number=&#8220;300&#8243; percent_sign=&#8220;off&#8220; _builder_version=&#8220;4.21.0&#8243; _module_preset=&#8220;default&#8220; title_text_color=&#8220;#FFFFFF&#8220; number_text_color=&#8220;#FFFFFF&#8220; global_colors_info=&#8220;{}&#8220;][\/et_pb_number_counter][\/et_pb_column][\/et_pb_row][\/et_pb_section]<\/p>\n","protected":false},"excerpt":{"rendered":"<p>Prvn\u00ed harmonick\u00fd reduktor na sv\u011bt\u011b, kter\u00fd dosahuje p\u0159esnosti p\u0159enosu a\u017e 10 \u00fahlov\u00fdch vte\u0159in \u017divotnost modelu Y prodlou\u017eena na v\u00edce ne\u017e 20 000 hodinTechnick\u00e9 in\u017een\u00fdrstv\u00ed a podpora V\u00fdzkum a v\u00fdvoj P\u0159izp\u016fsoben\u00ed produktu Nejlep\u0161\u00ed dodac\u00ed lh\u016fty Komplexn\u00ed \u0159e\u0161en\u00ed rota\u010dn\u00edch pohyb\u016f<\/p>\n","protected":false},"author":1,"featured_media":0,"parent":0,"menu_order":0,"comment_status":"closed","ping_status":"closed","template":"","meta":{"_et_pb_use_builder":"on","_et_pb_old_content":"","_et_gb_content_width":"","footnotes":""},"class_list":["post-5557","page","type-page","status-publish","hentry"],"yoast_head":"<!-- This site is optimized with the Yoast SEO plugin v26.6 - https:\/\/yoast.com\/wordpress\/plugins\/seo\/ -->\n<title>Harmonick\u00e9 p\u0159evodovky a pohony - Almer.sk<\/title>\n<meta name=\"description\" content=\"Harmonick\u00e9 p\u0159evodovky a pohony. P\u0159edstavujeme v\u00e1m sv\u011btovou technologickou \u0161pi\u010dku v oblasti p\u0159esn\u00fdch p\u0159evodovek. Almer.sk.\" \/>\n<meta name=\"robots\" content=\"index, follow, max-snippet:-1, max-image-preview:large, max-video-preview:-1\" \/>\n<link rel=\"canonical\" href=\"https:\/\/almer.sk\/cs\/\" \/>\n<meta property=\"og:locale\" content=\"cs_CZ\" \/>\n<meta property=\"og:type\" content=\"article\" \/>\n<meta property=\"og:title\" content=\"Harmonick\u00e9 p\u0159evodovky a pohony - Almer.sk\" \/>\n<meta property=\"og:description\" content=\"Harmonick\u00e9 p\u0159evodovky a pohony. P\u0159edstavujeme v\u00e1m sv\u011btovou technologickou \u0161pi\u010dku v oblasti p\u0159esn\u00fdch p\u0159evodovek. Almer.sk.\" \/>\n<meta property=\"og:url\" content=\"https:\/\/almer.sk\/cs\/\" \/>\n<meta property=\"og:site_name\" content=\"Almer.sk\" \/>\n<meta property=\"article:modified_time\" content=\"2023-08-31T08:54:36+00:00\" \/>\n<meta name=\"twitter:card\" content=\"summary_large_image\" \/>\n<meta name=\"twitter:label1\" content=\"Odhadovan\u00e1 doba \u010dten\u00ed\" \/>\n\t<meta name=\"twitter:data1\" content=\"7 minut\" \/>\n<script type=\"application\/ld+json\" class=\"yoast-schema-graph\">{\"@context\":\"https:\/\/schema.org\",\"@graph\":[{\"@type\":\"WebPage\",\"@id\":\"https:\/\/almer.sk\/cs\/\",\"url\":\"https:\/\/almer.sk\/cs\/\",\"name\":\"Harmonick\u00e9 p\u0159evodovky a pohony - Almer.sk\",\"isPartOf\":{\"@id\":\"https:\/\/almer.sk\/cs\/#website\"},\"datePublished\":\"2020-02-17T13:11:13+00:00\",\"dateModified\":\"2023-08-31T08:54:36+00:00\",\"description\":\"Harmonick\u00e9 p\u0159evodovky a pohony. P\u0159edstavujeme v\u00e1m sv\u011btovou technologickou \u0161pi\u010dku v oblasti p\u0159esn\u00fdch p\u0159evodovek. Almer.sk.\",\"breadcrumb\":{\"@id\":\"https:\/\/almer.sk\/cs\/#breadcrumb\"},\"inLanguage\":\"cs\",\"potentialAction\":[{\"@type\":\"ReadAction\",\"target\":[\"https:\/\/almer.sk\/cs\/\"]}]},{\"@type\":\"BreadcrumbList\",\"@id\":\"https:\/\/almer.sk\/cs\/#breadcrumb\",\"itemListElement\":[{\"@type\":\"ListItem\",\"position\":1,\"name\":\"Home\",\"item\":\"https:\/\/almer.sk\/cs\/home\/\"},{\"@type\":\"ListItem\",\"position\":2,\"name\":\"Home\"}]},{\"@type\":\"WebSite\",\"@id\":\"https:\/\/almer.sk\/cs\/#website\",\"url\":\"https:\/\/almer.sk\/cs\/\",\"name\":\"Almer.sk\",\"description\":\"Technologick\u00fd l\u00edder v oblasti presn\u00fdch prevodoviek\",\"potentialAction\":[{\"@type\":\"SearchAction\",\"target\":{\"@type\":\"EntryPoint\",\"urlTemplate\":\"https:\/\/almer.sk\/cs\/?s={search_term_string}\"},\"query-input\":{\"@type\":\"PropertyValueSpecification\",\"valueRequired\":true,\"valueName\":\"search_term_string\"}}],\"inLanguage\":\"cs\"}]}<\/script>\n<!-- \/ Yoast SEO plugin. -->","yoast_head_json":{"title":"Harmonick\u00e9 p\u0159evodovky a pohony - Almer.sk","description":"Harmonick\u00e9 p\u0159evodovky a pohony. P\u0159edstavujeme v\u00e1m sv\u011btovou technologickou \u0161pi\u010dku v oblasti p\u0159esn\u00fdch p\u0159evodovek. Almer.sk.","robots":{"index":"index","follow":"follow","max-snippet":"max-snippet:-1","max-image-preview":"max-image-preview:large","max-video-preview":"max-video-preview:-1"},"canonical":"https:\/\/almer.sk\/cs\/","og_locale":"cs_CZ","og_type":"article","og_title":"Harmonick\u00e9 p\u0159evodovky a pohony - Almer.sk","og_description":"Harmonick\u00e9 p\u0159evodovky a pohony. P\u0159edstavujeme v\u00e1m sv\u011btovou technologickou \u0161pi\u010dku v oblasti p\u0159esn\u00fdch p\u0159evodovek. Almer.sk.","og_url":"https:\/\/almer.sk\/cs\/","og_site_name":"Almer.sk","article_modified_time":"2023-08-31T08:54:36+00:00","twitter_card":"summary_large_image","twitter_misc":{"Odhadovan\u00e1 doba \u010dten\u00ed":"7 minut"},"schema":{"@context":"https:\/\/schema.org","@graph":[{"@type":"WebPage","@id":"https:\/\/almer.sk\/cs\/","url":"https:\/\/almer.sk\/cs\/","name":"Harmonick\u00e9 p\u0159evodovky a pohony - Almer.sk","isPartOf":{"@id":"https:\/\/almer.sk\/cs\/#website"},"datePublished":"2020-02-17T13:11:13+00:00","dateModified":"2023-08-31T08:54:36+00:00","description":"Harmonick\u00e9 p\u0159evodovky a pohony. P\u0159edstavujeme v\u00e1m sv\u011btovou technologickou \u0161pi\u010dku v oblasti p\u0159esn\u00fdch p\u0159evodovek. Almer.sk.","breadcrumb":{"@id":"https:\/\/almer.sk\/cs\/#breadcrumb"},"inLanguage":"cs","potentialAction":[{"@type":"ReadAction","target":["https:\/\/almer.sk\/cs\/"]}]},{"@type":"BreadcrumbList","@id":"https:\/\/almer.sk\/cs\/#breadcrumb","itemListElement":[{"@type":"ListItem","position":1,"name":"Home","item":"https:\/\/almer.sk\/cs\/home\/"},{"@type":"ListItem","position":2,"name":"Home"}]},{"@type":"WebSite","@id":"https:\/\/almer.sk\/cs\/#website","url":"https:\/\/almer.sk\/cs\/","name":"Almer.sk","description":"Technologick\u00fd l\u00edder v oblasti presn\u00fdch prevodoviek","potentialAction":[{"@type":"SearchAction","target":{"@type":"EntryPoint","urlTemplate":"https:\/\/almer.sk\/cs\/?s={search_term_string}"},"query-input":{"@type":"PropertyValueSpecification","valueRequired":true,"valueName":"search_term_string"}}],"inLanguage":"cs"}]}},"_links":{"self":[{"href":"https:\/\/almer.sk\/cs\/wp-json\/wp\/v2\/pages\/5557","targetHints":{"allow":["GET"]}}],"collection":[{"href":"https:\/\/almer.sk\/cs\/wp-json\/wp\/v2\/pages"}],"about":[{"href":"https:\/\/almer.sk\/cs\/wp-json\/wp\/v2\/types\/page"}],"author":[{"embeddable":true,"href":"https:\/\/almer.sk\/cs\/wp-json\/wp\/v2\/users\/1"}],"replies":[{"embeddable":true,"href":"https:\/\/almer.sk\/cs\/wp-json\/wp\/v2\/comments?post=5557"}],"version-history":[{"count":6,"href":"https:\/\/almer.sk\/cs\/wp-json\/wp\/v2\/pages\/5557\/revisions"}],"predecessor-version":[{"id":6492,"href":"https:\/\/almer.sk\/cs\/wp-json\/wp\/v2\/pages\/5557\/revisions\/6492"}],"wp:attachment":[{"href":"https:\/\/almer.sk\/cs\/wp-json\/wp\/v2\/media?parent=5557"}],"curies":[{"name":"wp","href":"https:\/\/api.w.org\/{rel}","templated":true}]}}