{"id":5555,"date":"2023-06-15T08:50:14","date_gmt":"2023-06-15T06:50:14","guid":{"rendered":"https:\/\/almer.sk\/prevodovky\/"},"modified":"2023-08-23T19:29:31","modified_gmt":"2023-08-23T17:29:31","slug":"prevodovky","status":"publish","type":"page","link":"https:\/\/almer.sk\/cs\/prevodovky\/","title":{"rendered":"P\u0159evodovky"},"content":{"rendered":"<p>[et_pb_section fb_built=&#8220;1&#8243; _builder_version=&#8220;4.21.0&#8243; _module_preset=&#8220;default&#8220; global_colors_info=&#8220;{}&#8220;][et_pb_row _builder_version=&#8220;4.21.0&#8243; _module_preset=&#8220;default&#8220; width=&#8220;90%&#8220; locked=&#8220;off&#8220; global_colors_info=&#8220;{}&#8220;][et_pb_column type=&#8220;4_4&#8243; _builder_version=&#8220;4.21.0&#8243; _module_preset=&#8220;default&#8220; global_colors_info=&#8220;{}&#8220;][et_pb_blurb content_max_width=&#8220;1100px&#8220; _builder_version=&#8220;4.21.0&#8243; _module_preset=&#8220;default&#8220; body_text_align=&#8220;left&#8220; global_colors_info=&#8220;{}&#8220;]<\/p>\n<p style=\"text-align: left;\"> <a class=\"bread\" href=\"https:\/\/almer.sk\/cs\/\">&lt; Dom\u016f<\/a> \/ P\u0159evodovky<\/p>\n<p>[\/et_pb_blurb][et_pb_blurb _builder_version=&#8220;4.21.0&#8243; _module_preset=&#8220;default&#8220; header_level=&#8220;h1&#8243; header_font=&#8220;|||on|||||&#8220; body_font=&#8220;|||on|||||&#8220; body_text_align=&#8220;center&#8220; global_colors_info=&#8220;{}&#8220;]<\/p>\n<h1>P\u0159evodovky<\/h1>\n<p>[\/et_pb_blurb][\/et_pb_column][\/et_pb_row][et_pb_row column_structure=&#8220;3_5,2_5&#8243; _builder_version=&#8220;4.21.0&#8243; _module_preset=&#8220;default&#8220; global_colors_info=&#8220;{}&#8220;][et_pb_column type=&#8220;3_5&#8243; _builder_version=&#8220;4.21.0&#8243; _module_preset=&#8220;default&#8220; global_colors_info=&#8220;{}&#8220;][et_pb_blurb url=&#8220;https:\/\/almer.sk\/cs\/harmonicke-prevodovky\/&#8220; image=&#8220;https:\/\/almer.sk\/wp-content\/uploads\/2023\/07\/1.1-harmonic-gears-e1689606777672.jpg&#8220; alt=&#8220;Harmonick\u00e9 p\u0159evodovky&#8220; _builder_version=&#8220;4.21.0&#8243; _module_preset=&#8220;default&#8220; animation=&#8220;off&#8220; link_option_url=&#8220;https:\/\/almer.sk\/cs\/harmonicke-prevodovky\/&#8220; hover_enabled=&#8220;0&#8243; global_colors_info=&#8220;{}&#8220; sticky_enabled=&#8220;0&#8243;]<\/p>\n<h3 style=\"text-align: center;\">Vysoce p\u0159esn\u00e9 (nulov\u00e1 v\u016fle) <span style=\"color: #339966;\"> leaderdrive \u00ae<\/span><\/h3>\n<h3 style=\"text-align: center;\">HARMONICK\u00c9 P\u0158EVODOVKY<\/h3>\n<p>[\/et_pb_blurb][\/et_pb_column][et_pb_column type=&#8220;2_5&#8243; _builder_version=&#8220;4.21.0&#8243; _module_preset=&#8220;default&#8220; global_colors_info=&#8220;{}&#8220;][et_pb_blurb url=&#8220;https:\/\/almer.sk\/cs\/planetove-prevodovky\/&#8220; image=&#8220;https:\/\/almer.sk\/wp-content\/uploads\/2023\/07\/Planetove-prevodovky.jpg&#8220; alt=&#8220;Planetov\u00e9 p\u0159evodovky&#8220; _builder_version=&#8220;4.21.0&#8243; _module_preset=&#8220;default&#8220; animation=&#8220;off&#8220; link_option_url=&#8220;https:\/\/almer.sk\/cs\/planetove-prevodovky\/&#8220; hover_enabled=&#8220;0&#8243; global_colors_info=&#8220;{}&#8220; sticky_enabled=&#8220;0&#8243;]<\/p>\n<h3 style=\"text-align: center;\">PLANETOV\u00c9 P\u0158EVODOVKY<\/h3>\n<p>[\/et_pb_blurb][\/et_pb_column][\/et_pb_row][et_pb_row _builder_version=&#8220;4.21.0&#8243; _module_preset=&#8220;default&#8220; global_colors_info=&#8220;{}&#8220;][et_pb_column type=&#8220;4_4&#8243; _builder_version=&#8220;4.21.0&#8243; _module_preset=&#8220;default&#8220; global_colors_info=&#8220;{}&#8220;][et_pb_blurb content_max_width=&#8220;1100px&#8220; _builder_version=&#8220;4.21.0&#8243; _module_preset=&#8220;default&#8220; global_colors_info=&#8220;{}&#8220;]<\/p>\n<p>Krom\u011b v\u00fd\u0161e uveden\u00e9ho jsme schopni v r\u00e1mci na\u0161\u00ed technick\u00e9 podpory nab\u00eddnout p\u0159evodovky pro prakticky v\u0161echny aplikace, od dopravn\u00edk\u016f p\u0159es jedno\u00fa\u010delov\u00e9 stroje a\u017e po CNC obr\u00e1b\u011bc\u00ed stroje nebo robotiku, jako jsou \u0161nekov\u00e9, ku\u017eelov\u00e9, ploch\u00e9 paraleln\u00ed p\u0159evodovky a dal\u0161\u00ed, podle va\u0161ich pot\u0159eb a po konzultaci s v\u00e1mi. Kontaktujte n\u00e1s.<\/p>\n<p>[\/et_pb_blurb][\/et_pb_column][\/et_pb_row][\/et_pb_section]<\/p>\n","protected":false},"excerpt":{"rendered":"<p>&lt; Dom\u016f \/ P\u0159evodovkyP\u0159evodovkyVysoce p\u0159esn\u00e9 (nulov\u00e1 v\u016fle) leaderdrive \u00ae HARMONICK\u00c9 P\u0158EVODOVKYPLANETOV\u00c9 P\u0158EVODOVKYKrom\u011b v\u00fd\u0161e uveden\u00e9ho jsme schopni v r\u00e1mci na\u0161\u00ed technick\u00e9 podpory nab\u00eddnout p\u0159evodovky pro prakticky v\u0161echny aplikace, od dopravn\u00edk\u016f p\u0159es jedno\u00fa\u010delov\u00e9 stroje a\u017e po CNC obr\u00e1b\u011bc\u00ed stroje nebo robotiku, jako jsou \u0161nekov\u00e9, ku\u017eelov\u00e9, ploch\u00e9 paraleln\u00ed p\u0159evodovky a dal\u0161\u00ed, podle va\u0161ich pot\u0159eb a po konzultaci s [&hellip;]<\/p>\n","protected":false},"author":1,"featured_media":0,"parent":0,"menu_order":0,"comment_status":"closed","ping_status":"closed","template":"","meta":{"_et_pb_use_builder":"on","_et_pb_old_content":"","_et_gb_content_width":"","footnotes":""},"class_list":["post-5555","page","type-page","status-publish","hentry"],"yoast_head":"<!-- This site is optimized with the Yoast SEO plugin v26.6 - https:\/\/yoast.com\/wordpress\/plugins\/seo\/ -->\n<title>P\u0159evodovky - Almer.sk<\/title>\n<meta name=\"robots\" content=\"index, follow, max-snippet:-1, max-image-preview:large, max-video-preview:-1\" \/>\n<link rel=\"canonical\" href=\"https:\/\/almer.sk\/cs\/prevodovky\/\" \/>\n<meta property=\"og:locale\" content=\"cs_CZ\" \/>\n<meta property=\"og:type\" content=\"article\" \/>\n<meta property=\"og:title\" content=\"P\u0159evodovky - Almer.sk\" \/>\n<meta property=\"og:description\" content=\"&lt; Dom\u016f \/ P\u0159evodovkyP\u0159evodovkyVysoce p\u0159esn\u00e9 (nulov\u00e1 v\u016fle) leaderdrive \u00ae HARMONICK\u00c9 P\u0158EVODOVKYPLANETOV\u00c9 P\u0158EVODOVKYKrom\u011b v\u00fd\u0161e uveden\u00e9ho jsme schopni v r\u00e1mci na\u0161\u00ed technick\u00e9 podpory nab\u00eddnout p\u0159evodovky pro prakticky v\u0161echny aplikace, od dopravn\u00edk\u016f p\u0159es jedno\u00fa\u010delov\u00e9 stroje a\u017e po CNC obr\u00e1b\u011bc\u00ed stroje nebo robotiku, jako jsou \u0161nekov\u00e9, ku\u017eelov\u00e9, ploch\u00e9 paraleln\u00ed p\u0159evodovky a dal\u0161\u00ed, podle va\u0161ich pot\u0159eb a po konzultaci s [&hellip;]\" \/>\n<meta property=\"og:url\" content=\"https:\/\/almer.sk\/cs\/prevodovky\/\" \/>\n<meta property=\"og:site_name\" content=\"Almer.sk\" \/>\n<meta property=\"article:modified_time\" content=\"2023-08-23T17:29:31+00:00\" \/>\n<meta name=\"twitter:card\" content=\"summary_large_image\" \/>\n<meta name=\"twitter:label1\" content=\"Odhadovan\u00e1 doba \u010dten\u00ed\" \/>\n\t<meta name=\"twitter:data1\" content=\"2 minuty\" \/>\n<script type=\"application\/ld+json\" class=\"yoast-schema-graph\">{\"@context\":\"https:\/\/schema.org\",\"@graph\":[{\"@type\":\"WebPage\",\"@id\":\"https:\/\/almer.sk\/cs\/prevodovky\/\",\"url\":\"https:\/\/almer.sk\/cs\/prevodovky\/\",\"name\":\"P\u0159evodovky - Almer.sk\",\"isPartOf\":{\"@id\":\"https:\/\/almer.sk\/cs\/#website\"},\"datePublished\":\"2023-06-15T06:50:14+00:00\",\"dateModified\":\"2023-08-23T17:29:31+00:00\",\"breadcrumb\":{\"@id\":\"https:\/\/almer.sk\/cs\/prevodovky\/#breadcrumb\"},\"inLanguage\":\"cs\",\"potentialAction\":[{\"@type\":\"ReadAction\",\"target\":[\"https:\/\/almer.sk\/cs\/prevodovky\/\"]}]},{\"@type\":\"BreadcrumbList\",\"@id\":\"https:\/\/almer.sk\/cs\/prevodovky\/#breadcrumb\",\"itemListElement\":[{\"@type\":\"ListItem\",\"position\":1,\"name\":\"Home\",\"item\":\"https:\/\/almer.sk\/cs\/home\/\"},{\"@type\":\"ListItem\",\"position\":2,\"name\":\"P\u0159evodovky\"}]},{\"@type\":\"WebSite\",\"@id\":\"https:\/\/almer.sk\/cs\/#website\",\"url\":\"https:\/\/almer.sk\/cs\/\",\"name\":\"Almer.sk\",\"description\":\"Technologick\u00fd l\u00edder v oblasti presn\u00fdch prevodoviek\",\"potentialAction\":[{\"@type\":\"SearchAction\",\"target\":{\"@type\":\"EntryPoint\",\"urlTemplate\":\"https:\/\/almer.sk\/cs\/?s={search_term_string}\"},\"query-input\":{\"@type\":\"PropertyValueSpecification\",\"valueRequired\":true,\"valueName\":\"search_term_string\"}}],\"inLanguage\":\"cs\"}]}<\/script>\n<!-- \/ Yoast SEO plugin. -->","yoast_head_json":{"title":"P\u0159evodovky - Almer.sk","robots":{"index":"index","follow":"follow","max-snippet":"max-snippet:-1","max-image-preview":"max-image-preview:large","max-video-preview":"max-video-preview:-1"},"canonical":"https:\/\/almer.sk\/cs\/prevodovky\/","og_locale":"cs_CZ","og_type":"article","og_title":"P\u0159evodovky - Almer.sk","og_description":"&lt; Dom\u016f \/ P\u0159evodovkyP\u0159evodovkyVysoce p\u0159esn\u00e9 (nulov\u00e1 v\u016fle) leaderdrive \u00ae HARMONICK\u00c9 P\u0158EVODOVKYPLANETOV\u00c9 P\u0158EVODOVKYKrom\u011b v\u00fd\u0161e uveden\u00e9ho jsme schopni v r\u00e1mci na\u0161\u00ed technick\u00e9 podpory nab\u00eddnout p\u0159evodovky pro prakticky v\u0161echny aplikace, od dopravn\u00edk\u016f p\u0159es jedno\u00fa\u010delov\u00e9 stroje a\u017e po CNC obr\u00e1b\u011bc\u00ed stroje nebo robotiku, jako jsou \u0161nekov\u00e9, ku\u017eelov\u00e9, ploch\u00e9 paraleln\u00ed p\u0159evodovky a dal\u0161\u00ed, podle va\u0161ich pot\u0159eb a po konzultaci s [&hellip;]","og_url":"https:\/\/almer.sk\/cs\/prevodovky\/","og_site_name":"Almer.sk","article_modified_time":"2023-08-23T17:29:31+00:00","twitter_card":"summary_large_image","twitter_misc":{"Odhadovan\u00e1 doba \u010dten\u00ed":"2 minuty"},"schema":{"@context":"https:\/\/schema.org","@graph":[{"@type":"WebPage","@id":"https:\/\/almer.sk\/cs\/prevodovky\/","url":"https:\/\/almer.sk\/cs\/prevodovky\/","name":"P\u0159evodovky - Almer.sk","isPartOf":{"@id":"https:\/\/almer.sk\/cs\/#website"},"datePublished":"2023-06-15T06:50:14+00:00","dateModified":"2023-08-23T17:29:31+00:00","breadcrumb":{"@id":"https:\/\/almer.sk\/cs\/prevodovky\/#breadcrumb"},"inLanguage":"cs","potentialAction":[{"@type":"ReadAction","target":["https:\/\/almer.sk\/cs\/prevodovky\/"]}]},{"@type":"BreadcrumbList","@id":"https:\/\/almer.sk\/cs\/prevodovky\/#breadcrumb","itemListElement":[{"@type":"ListItem","position":1,"name":"Home","item":"https:\/\/almer.sk\/cs\/home\/"},{"@type":"ListItem","position":2,"name":"P\u0159evodovky"}]},{"@type":"WebSite","@id":"https:\/\/almer.sk\/cs\/#website","url":"https:\/\/almer.sk\/cs\/","name":"Almer.sk","description":"Technologick\u00fd l\u00edder v oblasti presn\u00fdch prevodoviek","potentialAction":[{"@type":"SearchAction","target":{"@type":"EntryPoint","urlTemplate":"https:\/\/almer.sk\/cs\/?s={search_term_string}"},"query-input":{"@type":"PropertyValueSpecification","valueRequired":true,"valueName":"search_term_string"}}],"inLanguage":"cs"}]}},"_links":{"self":[{"href":"https:\/\/almer.sk\/cs\/wp-json\/wp\/v2\/pages\/5555","targetHints":{"allow":["GET"]}}],"collection":[{"href":"https:\/\/almer.sk\/cs\/wp-json\/wp\/v2\/pages"}],"about":[{"href":"https:\/\/almer.sk\/cs\/wp-json\/wp\/v2\/types\/page"}],"author":[{"embeddable":true,"href":"https:\/\/almer.sk\/cs\/wp-json\/wp\/v2\/users\/1"}],"replies":[{"embeddable":true,"href":"https:\/\/almer.sk\/cs\/wp-json\/wp\/v2\/comments?post=5555"}],"version-history":[{"count":6,"href":"https:\/\/almer.sk\/cs\/wp-json\/wp\/v2\/pages\/5555\/revisions"}],"predecessor-version":[{"id":6437,"href":"https:\/\/almer.sk\/cs\/wp-json\/wp\/v2\/pages\/5555\/revisions\/6437"}],"wp:attachment":[{"href":"https:\/\/almer.sk\/cs\/wp-json\/wp\/v2\/media?parent=5555"}],"curies":[{"name":"wp","href":"https:\/\/api.w.org\/{rel}","templated":true}]}}